{"id":9876,"date":"2016-03-22T08:47:56","date_gmt":"2016-03-22T08:47:56","guid":{"rendered":"https:\/\/test.i9bottle.ch\/privacy-policy\/"},"modified":"2016-03-22T08:47:56","modified_gmt":"2016-03-22T08:47:56","slug":"privacy-policy","status":"publish","type":"page","link":"https:\/\/i9bottle.ch\/en\/privacy-policy\/","title":{"rendered":"Privacy Policy"},"content":{"rendered":"<p>[et_pb_section bb_built=&#8221;1&#8243;][et_pb_row][et_pb_column type=&#8221;4_4&#8243;][et_pb_text _builder_version=&#8221;3.19.18&#8243;]<\/p>\n<h3 style=\"text-align: left;\">Datenschutz<\/h3>\n<p><strong>1. DATENSCHUTZERKL\u00c4RUNG UND EINWILLIGUNG ZUR DATENNUTZUNG BEI i9bottle.ch by excellent4you GmbH (nachfolgend i9bottle.ch)<\/strong><\/p>\n<p>Datenschutz ist Vertrauenssache und Ihr Vertrauen ist uns wichtig. Wir respektieren Ihre\u00a0Privat- und Pers\u00f6nlichkeitssph\u00e4re. Der Schutz und die gesetzeskonforme Erhebung, Verarbeitung und Nutzung Ihrer personenbezogenen Daten ist daher f\u00fcr uns ein wichtiges Anliegen. Damit Sie sich bei dem Besuch unserer Webseiten sicher f\u00fchlen, beachten wir bei der Verarbeitung Ihrer personenbezogenen Daten streng die gesetzlichen Bestimmungen und m\u00f6chten Sie hier \u00fcber unsere Datenerhebung und Datenverwendung informieren.<\/p>\n<p>Mit der Zustimmung zur nachfolgenden Datenschutzerkl\u00e4rung willigen Sie gegen\u00fcber i9bottle.ch\u00a0in die Erhebung, Verarbeitung und Nutzung Ihrer personenbezogenen Daten unter Beachtung der Datenschutzgesetze und den nachfolgenden Bestimmungen ein.<\/p>\n<p><strong>2. PERSONENBEZOGENE DATEN<\/strong><\/p>\n<p>Alle f\u00fcr die Gesch\u00e4ftsabwicklung erforderlichen Daten werden unter Ber\u00fccksichtigung der Datenschutzbestimmungen gespeichert. Es ist selbstverst\u00e4ndlich f\u00fcr i9bottle.ch, da\u00df Ihre Daten vertraulich behandelt werden. i9bottle.ch\u00a0verpflichtet\u00a0sich, Ihre Daten in keiner Weise an unberechtigte Dritte weiterzugeben und\u00a0diese\u00a0vor unberechtigten Zugriff zu sch\u00fctzen.<\/p>\n<p><strong>3. KUNDENKONTO<\/strong><\/p>\n<p>Kunden welche sich entsprechend registrieren erhalten einen passwortgesch\u00fctzten Zugang auf Ihr Kundenkonto. Damit k\u00f6nnen Sie den Stand Ihrer Bestellungen einsehen und Ihre Adressdaten verwalten. Sie als Kunde verpflichten sich, die pers\u00f6nlichen Zugangsdaten vertraulich zu behandeln und keinem unbefugten Dritten zug\u00e4nglich zu machen. Wir k\u00f6nnen keine Haftung f\u00fcr missgr\u00e4ulich verwendete Passw\u00f6rter \u00fcbernehmen.<\/p>\n<p><strong>4. NEWSLETTER<\/strong><\/p>\n<p>Wenn Sie als Interessent oder Kunde\u00a0durch Newsletter \u00fcber Sonderangebote oder Neuheiten per Email informiert werden m\u00f6chten, wird die\u00a0Email-Adresse zu diesem Zweck gespeichert. Dieser Newsletter ist kostenlos und kann jederzeit wieder entweder durch eine Mitteilung z.B. per email, Brief an i9bottle.ch\u00a0oder durch den im Newsletter jeweils beiliegenden Abmelde-Link abbestellt werden.<\/p>\n<p><strong>5. FACEBOOK-PLUGINS (Like-Button)<\/strong><\/p>\n<p>Auf unseren Seiten sind Plugins des sozialen Netzwerks Facebook, 1601 South California Avenue, Palo Alto, CA 94304, USA integriert. Die Facebook-Plugins erkennen Sie an dem Facebook-Logo oder dem \u201cLike-Button\u201d (\u201cGef\u00e4llt mir\u201c) auf unserer Seite. Eine \u00dcbersicht \u00fcber die Facebook-Plugins finden Sie hier:\u00a0<a href=\"http:\/\/developers.facebook.com\/docs\/plugins\/\" target=\"_blank\" rel=\"nofollow noopener\">http:\/\/developers.facebook.com\/docs\/plugins\/<\/a>\u00a0Wenn Sie unsere Seiten besuchen, wird \u00fcber das Plugin eine direkte Verbindung zwischen Ihrem Browser und dem Facebook-Server hergestellt. Facebook erh\u00e4lt dadurch die Information, dass Sie mit Ihrer IP-Adresse unsere Seite besucht haben. Wenn Sie den Facebook \u201eLike-Button\u201c anklicken w\u00e4hrend Sie in Ihrem Facebook-Account eingeloggt sind, k\u00f6nnen Sie die Inhalte unserer Seiten auf Ihrem Facebook-Profil verlinken. Dadurch kann Facebook den Besuch unserer Seiten Ihrem Benutzerkonto zuordnen. Wir weisen darauf hin, dass wir als Anbieter der Seiten keine Kenntnis vom Inhalt der \u00fcbermittelten Daten sowie deren Nutzung durch Facebook erhalten. Weitere Informationen hierzu finden Sie in der Datenschutzerkl\u00e4rung von Facebook unter\u00a0<a href=\"http:\/\/de-de.facebook.com\/policy.php\" target=\"_blank\" rel=\"nofollow noopener\">http:\/\/de-de.facebook.com\/policy.php<\/a><\/p>\n<p>Wenn Sie nicht w\u00fcnschen, dass Facebook den Besuch unserer Seiten Ihrem Facebook-Nutzerkonto zuordnen kann, loggen Sie sich bitte aus Ihrem Facebook-Benutzerkonto aus.<\/p>\n<p><strong>6. GOOGLE-ANALYTICS (Web Analyse)<\/strong><\/p>\n<p>Diese\u00a0Website benutzt Google Analytics, einen Webanalysedienst der Google Inc. (\u201eGoogle\u201c). Google Analytics verwendet sog. \u201eCookies\u201c, Textdateien, die auf Ihrem Computer gespeichert werden und die eine Analyse der Benutzung der Website durch Sie erm\u00f6glichen. Die durch den Cookie erzeugten Informationen \u00fcber Ihre Benutzung dieser Website werden in der Regel an einen Server von Google in den USA \u00fcbertragen und dort gespeichert. Im Falle der Aktivierung der IP-Anonymisierung auf dieser Webseite, wird Ihre IP-Adresse von Google jedoch innerhalb von Mitgliedstaaten der Europ\u00e4ischen Union oder in anderen Vertragsstaaten des Abkommens \u00fcber den Europ\u00e4ischen Wirtschaftsraum zuvor gek\u00fcrzt. Nur in Ausnahmef\u00e4llen wird die volle IP-Adresse an einen Server von Google in den USA \u00fcbertragen und dort gek\u00fcrzt. Im Auftrag des Betreibers dieser Website wird Google diese Informationen benutzen, um Ihre Nutzung der Website auszuwerten, um Reports \u00fcber die Websiteaktivit\u00e4ten zusammenzustellen und um weitere mit der Websitenutzung und der Internetnutzung verbundene Dienstleistungen gegen\u00fcber dem Websitebetreiber zu erbringen. Die im Rahmen von Google Analytics von Ihrem Browser \u00fcbermittelte IP-Adresse wird nicht mit anderen Daten von Google zusammengef\u00fchrt. Sie k\u00f6nnen die Speicherung der Cookies durch eine entsprechende Einstellung Ihrer Browser-Software verhindern; wir weisen Sie jedoch darauf hin, dass Sie in diesem Fall gegebenenfalls nicht s\u00e4mtliche Funktionen dieser Website vollumf\u00e4nglich werden nutzen k\u00f6nnen. Sie k\u00f6nnen dar\u00fcber hinaus die Erfassung der durch das Cookie erzeugten und auf Ihre Nutzung der Website bezogenen Daten (inkl. Ihrer IP-Adresse) an Google sowie die Verarbeitung dieser Daten durch Google verhindern, indem Sie das unter dem folgenden Link verf\u00fcgbare Browser-Plugin herunterladen und installieren:\u00a0<a href=\"http:\/\/tools.google.com\/dlpage\/gaoptout\" target=\"_blank\" rel=\"noopener\">http:\/\/tools.google.com\/dlpage\/gaoptout<\/a>\u00a0N\u00e4here Informationen zu Nutzungsbedingungen und Datenschutz finden Sie unter den\u00a0<a href=\"http:\/\/www.google.com\/analytics\/terms\/de.html\" target=\"_blank\" rel=\"noopener\">Google Analytics Bedingungen<\/a>\u00a0bzw. unter der\u00a0<a href=\"http:\/\/www.google.com\/intl\/de\/policies\/privacy\/index.html\" target=\"_blank\" rel=\"noopener\">Google Analytics \u00dcbersicht<\/a>. Wir weisen Sie darauf hin, dass auf dieser Webseite Google Analytics um den Code \u201egat._anonymizeIp();\u201c erweitert wurde, um eine anonymisierte Erfassung von IP-Adressen (sog. IP-Masking) zu gew\u00e4hrleisten.<\/p>\n<p><strong>7. ZAHLUNGS- UND KREDITKARTEN-INFORMATIONEN<\/strong><\/p>\n<p>Ihre Kreditkarteninformationen werden auf unseren\u00a0Servern weder gesammelt noch gespeichert. Alle Transaktionen werden durch einen gesicherten Gateway eines zertifizierten und authentifizierten Drittanbieter (z.B. PayPal) abgewickelt.<\/p>\n<p>Wir behalten uns das Recht vor, unseren Gateway-Anbieter jederzeit zu \u00e4ndern.<\/p>\n<p>[\/et_pb_text][\/et_pb_column][\/et_pb_row][\/et_pb_section]<\/p>\n","protected":false},"excerpt":{"rendered":"<p><div class=\"et_pb_row et_pb_row_0 et_pb_row_empty\">\n\t\t\t\t\n\t\t\t\t\n\t\t\t\t\n\t\t\t\t\n\t\t\t\t\n\t\t\t<\/div> Datenschutz1. DATENSCHUTZERKL\u00c4RUNG UND EINWILLIGUNG ZUR DATENNUTZUNG BEI i9bottle.ch by excellent4you GmbH (nachfolgend i9bottle.ch)Datenschutz ist Vertrauenssache und Ihr Vertrauen ist uns wichtig. Wir respektieren Ihre\u00a0Privat- und Pers\u00f6nlichkeitssph\u00e4re. Der Schutz und die gesetzeskonforme Erhebung, Verarbeitung und Nutzung Ihrer personenbezogenen Daten ist daher f\u00fcr uns ein wichtiges Anliegen. Damit Sie sich bei dem Besuch unserer Webseiten sicher [&hellip;]<\/p>\n","protected":false},"author":8,"featured_media":0,"parent":0,"menu_order":-1,"comment_status":"closed","ping_status":"open","template":"","meta":{"_et_pb_use_builder":"on","_et_pb_old_content":"<h3 style=\"text-align: center;\">Datenschutz<\/h3><p><strong>1. DATENSCHUTZERKL\u00c4RUNG UND EINWILLIGUNG ZUR DATENNUTZUNG BEI i9bottle.ch by excellent4you GmbH (nachfolgend i9bottle.ch)<\/strong><\/p><p>Datenschutz ist Vertrauenssache und Ihr Vertrauen ist uns wichtig. Wir respektieren Ihre\u00a0Privat- und Pers\u00f6nlichkeitssph\u00e4re. Der Schutz und die gesetzeskonforme Erhebung, Verarbeitung und Nutzung Ihrer personenbezogenen Daten ist daher f\u00fcr uns ein wichtiges Anliegen. Damit Sie sich bei dem Besuch unserer Webseiten sicher f\u00fchlen, beachten wir bei der Verarbeitung Ihrer personenbezogenen Daten streng die gesetzlichen Bestimmungen und m\u00f6chten Sie hier \u00fcber unsere Datenerhebung und Datenverwendung informieren.<\/p><p>Mit der Zustimmung zur nachfolgenden Datenschutzerkl\u00e4rung willigen Sie gegen\u00fcber i9bottle.ch\u00a0in die Erhebung, Verarbeitung und Nutzung Ihrer personenbezogenen Daten unter Beachtung der Datenschutzgesetze und den nachfolgenden Bestimmungen ein.<\/p><p><strong>2. PERSONENBEZOGENE DATEN<\/strong><\/p><p>Alle f\u00fcr die Gesch\u00e4ftsabwicklung erforderlichen Daten werden unter Ber\u00fccksichtigung der Datenschutzbestimmungen gespeichert. Es ist selbstverst\u00e4ndlich f\u00fcr i9bottle.ch, da\u00df Ihre Daten vertraulich behandelt werden. i9bottle.ch\u00a0verpflichtet\u00a0sich, Ihre Daten in keiner Weise an unberechtigte Dritte weiterzugeben und\u00a0diese\u00a0vor unberechtigten Zugriff zu sch\u00fctzen.<\/p><p><strong>3. KUNDENKONTO<\/strong><\/p><p>Kunden welche sich entsprechend registrieren erhalten einen passwortgesch\u00fctzten Zugang auf Ihr Kundenkonto. Damit k\u00f6nnen Sie den Stand Ihrer Bestellungen einsehen und Ihre Adressdaten verwalten. Sie als Kunde verpflichten sich, die pers\u00f6nlichen Zugangsdaten vertraulich zu behandeln und keinem unbefugten Dritten zug\u00e4nglich zu machen. Wir k\u00f6nnen keine Haftung f\u00fcr missgr\u00e4ulich verwendete Passw\u00f6rter \u00fcbernehmen.<\/p><p><strong>4. NEWSLETTER<\/strong><\/p><p>Wenn Sie als Interessent oder Kunde\u00a0durch Newsletter \u00fcber Sonderangebote oder Neuheiten per Email informiert werden m\u00f6chten, wird die\u00a0Email-Adresse zu diesem Zweck gespeichert. Dieser Newsletter ist kostenlos und kann jederzeit wieder entweder durch eine Mitteilung z.B. per email, Brief an i9bottle.ch\u00a0oder durch den im Newsletter jeweils beiliegenden Abmelde-Link abbestellt werden.<\/p><p><strong>5. FACEBOOK-PLUGINS (Like-Button)<\/strong><\/p><p>Auf unseren Seiten sind Plugins des sozialen Netzwerks Facebook, 1601 South California Avenue, Palo Alto, CA 94304, USA integriert. Die Facebook-Plugins erkennen Sie an dem Facebook-Logo oder dem \"Like-Button\" (\"Gef\u00e4llt mir\u201c) auf unserer Seite. Eine \u00dcbersicht \u00fcber die Facebook-Plugins finden Sie hier:\u00a0<a href=\"http:\/\/developers.facebook.com\/docs\/plugins\/\" target=\"_blank\" rel=\"nofollow noopener\">http:\/\/developers.facebook.com\/docs\/plugins\/<\/a>\u00a0Wenn Sie unsere Seiten besuchen, wird \u00fcber das Plugin eine direkte Verbindung zwischen Ihrem Browser und dem Facebook-Server hergestellt. Facebook erh\u00e4lt dadurch die Information, dass Sie mit Ihrer IP-Adresse unsere Seite besucht haben. Wenn Sie den Facebook \u201eLike-Button\u201c anklicken w\u00e4hrend Sie in Ihrem Facebook-Account eingeloggt sind, k\u00f6nnen Sie die Inhalte unserer Seiten auf Ihrem Facebook-Profil verlinken. Dadurch kann Facebook den Besuch unserer Seiten Ihrem Benutzerkonto zuordnen. Wir weisen darauf hin, dass wir als Anbieter der Seiten keine Kenntnis vom Inhalt der \u00fcbermittelten Daten sowie deren Nutzung durch Facebook erhalten. Weitere Informationen hierzu finden Sie in der Datenschutzerkl\u00e4rung von Facebook unter\u00a0<a href=\"http:\/\/de-de.facebook.com\/policy.php\" target=\"_blank\" rel=\"nofollow noopener\">http:\/\/de-de.facebook.com\/policy.php<\/a><\/p><p>Wenn Sie nicht w\u00fcnschen, dass Facebook den Besuch unserer Seiten Ihrem Facebook-Nutzerkonto zuordnen kann, loggen Sie sich bitte aus Ihrem Facebook-Benutzerkonto aus.<\/p><p><strong>6. GOOGLE-ANALYTICS (Web Analyse)<\/strong><\/p><p>Diese\u00a0Website benutzt Google Analytics, einen Webanalysedienst der Google Inc. (\u201eGoogle\u201c). Google Analytics verwendet sog. \u201eCookies\u201c, Textdateien, die auf Ihrem Computer gespeichert werden und die eine Analyse der Benutzung der Website durch Sie erm\u00f6glichen. Die durch den Cookie erzeugten Informationen \u00fcber Ihre Benutzung dieser Website werden in der Regel an einen Server von Google in den USA \u00fcbertragen und dort gespeichert. Im Falle der Aktivierung der IP-Anonymisierung auf dieser Webseite, wird Ihre IP-Adresse von Google jedoch innerhalb von Mitgliedstaaten der Europ\u00e4ischen Union oder in anderen Vertragsstaaten des Abkommens \u00fcber den Europ\u00e4ischen Wirtschaftsraum zuvor gek\u00fcrzt. Nur in Ausnahmef\u00e4llen wird die volle IP-Adresse an einen Server von Google in den USA \u00fcbertragen und dort gek\u00fcrzt. Im Auftrag des Betreibers dieser Website wird Google diese Informationen benutzen, um Ihre Nutzung der Website auszuwerten, um Reports \u00fcber die Websiteaktivit\u00e4ten zusammenzustellen und um weitere mit der Websitenutzung und der Internetnutzung verbundene Dienstleistungen gegen\u00fcber dem Websitebetreiber zu erbringen. Die im Rahmen von Google Analytics von Ihrem Browser \u00fcbermittelte IP-Adresse wird nicht mit anderen Daten von Google zusammengef\u00fchrt. Sie k\u00f6nnen die Speicherung der Cookies durch eine entsprechende Einstellung Ihrer Browser-Software verhindern; wir weisen Sie jedoch darauf hin, dass Sie in diesem Fall gegebenenfalls nicht s\u00e4mtliche Funktionen dieser Website vollumf\u00e4nglich werden nutzen k\u00f6nnen. Sie k\u00f6nnen dar\u00fcber hinaus die Erfassung der durch das Cookie erzeugten und auf Ihre Nutzung der Website bezogenen Daten (inkl. Ihrer IP-Adresse) an Google sowie die Verarbeitung dieser Daten durch Google verhindern, indem Sie das unter dem folgenden Link verf\u00fcgbare Browser-Plugin herunterladen und installieren:\u00a0<a href=\"http:\/\/tools.google.com\/dlpage\/gaoptout\" target=\"_blank\" rel=\"noopener\">http:\/\/tools.google.com\/dlpage\/gaoptout<\/a>\u00a0N\u00e4here Informationen zu Nutzungsbedingungen und Datenschutz finden Sie unter den\u00a0<a href=\"http:\/\/www.google.com\/analytics\/terms\/de.html\" target=\"_blank\" rel=\"noopener\">Google Analytics Bedingungen<\/a>\u00a0bzw. unter der\u00a0<a href=\"http:\/\/www.google.com\/intl\/de\/policies\/privacy\/index.html\" target=\"_blank\" rel=\"noopener\">Google Analytics \u00dcbersicht<\/a>. Wir weisen Sie darauf hin, dass auf dieser Webseite Google Analytics um den Code \u201egat._anonymizeIp();\u201c erweitert wurde, um eine anonymisierte Erfassung von IP-Adressen (sog. IP-Masking) zu gew\u00e4hrleisten.<\/p><p><strong>7. ZAHLUNGS- UND KREDITKARTEN-INFORMATIONEN<\/strong><\/p><p>Ihre Kreditkarteninformationen werden auf unseren\u00a0Servern weder gesammelt noch gespeichert. Alle Transaktionen werden durch einen gesicherten Gateway eines zertifizierten und authentifizierten Drittanbieter (z.B. PayPal) abgewickelt.<\/p>","_et_gb_content_width":"","footnotes":""},"class_list":["post-9876","page","type-page","status-publish","hentry"],"_links":{"self":[{"href":"https:\/\/i9bottle.ch\/en\/wp-json\/wp\/v2\/pages\/9876","targetHints":{"allow":["GET"]}}],"collection":[{"href":"https:\/\/i9bottle.ch\/en\/wp-json\/wp\/v2\/pages"}],"about":[{"href":"https:\/\/i9bottle.ch\/en\/wp-json\/wp\/v2\/types\/page"}],"author":[{"embeddable":true,"href":"https:\/\/i9bottle.ch\/en\/wp-json\/wp\/v2\/users\/8"}],"replies":[{"embeddable":true,"href":"https:\/\/i9bottle.ch\/en\/wp-json\/wp\/v2\/comments?post=9876"}],"version-history":[{"count":0,"href":"https:\/\/i9bottle.ch\/en\/wp-json\/wp\/v2\/pages\/9876\/revisions"}],"wp:attachment":[{"href":"https:\/\/i9bottle.ch\/en\/wp-json\/wp\/v2\/media?parent=9876"}],"curies":[{"name":"wp","href":"https:\/\/api.w.org\/{rel}","templated":true}]}}