{"id":9879,"date":"2016-03-21T13:36:35","date_gmt":"2016-03-21T13:36:35","guid":{"rendered":"https:\/\/test.i9bottle.ch\/terms-conditions\/"},"modified":"2016-03-21T13:36:35","modified_gmt":"2016-03-21T13:36:35","slug":"terms-conditions","status":"publish","type":"page","link":"https:\/\/i9bottle.ch\/en\/terms-conditions\/","title":{"rendered":"Terms &#038; Conditions"},"content":{"rendered":"<p>[et_pb_section bb_built=&#8221;1&#8243;][et_pb_row][et_pb_column type=&#8221;4_4&#8243;][et_pb_text _builder_version=&#8221;3.19.18&#8243;]<\/p>\n<div class=\"ivan-custom-wrapper theme_default custom-height \">\n<div class=\" standart vc_row wpb_row vc_row-fluid\" data-min-height=\"\">\n<div class=\"vc_col-sm-12 wpb_column vc_column_container \">\n<div class=\"wpb_wrapper\">\n<div class=\"wpb_text_column wpb_content_element vc_1458655798606 \">\n<div class=\"wpb_wrapper\">\n<div class=\"ivan-custom-wrapper theme_default custom-height \">\n<div class=\"  standart vc_row wpb_row vc_row-fluid\" data-min-height=\"\">\n<div class=\"vc_col-sm-12 wpb_column vc_column_container \">\n<div class=\"wpb_wrapper\">\n<div class=\"wpb_text_column wpb_content_element  vc_1458655798606 \">\n<div class=\"wpb_wrapper\">\n<h3>Allgemeine Gesch\u00e4ftsbedingungen AGB<\/h3>\n<\/div>\n<\/div>\n<\/div>\n<\/div>\n<\/div>\n<\/div>\n<div class=\"ivan-custom-wrapper theme_default \">\n<div class=\"   vc_row wpb_row vc_row-fluid\" data-min-height=\"\">\n<div class=\"vc_col-sm-3 wpb_column vc_column_container \">\n<div class=\"wpb_wrapper\">\n<div class=\"wpb_text_column wpb_content_element  vc_custom_2146 \">\n<div class=\"wpb_wrapper\">\u00a0<\/div>\n<\/div>\n<\/div>\n<\/div>\n<div class=\"vc_col-sm-6 wpb_column vc_column_container \">\n<div class=\"wpb_wrapper\">\n<div class=\"wpb_text_column wpb_content_element  vc_1458667531222 \">\n<div class=\"wpb_wrapper\">\n<p><strong>1. ALLGEMEIN, GELTUNGSBEREICH, VERTRAGSPARTNER<\/strong><\/p>\n<p>Diese Website wird von i9 by excellent4you GmbH (nachfolgend \u201ci9bootle.ch\u201d betrieben). i9bottle.ch\u00a0bietet diese Website einschlie\u00dflich aller Informationen, Tools und Dienste Ihnen\u00a0als\u00a0Benutzer, unter der Bedingung der Akzeptanz aller\u00a0nachstehenden Hinweise und Bedingungen an.<\/p>\n<p>Durch den Besuch unserer Website und\/oder dem Kauf in unserem Webshop erkl\u00e4ren sich mit den nachstehenden Allgemeinen Gesch\u00e4ftsbedingungen einverstanden (nachfolgend AGB), einschlie\u00dflich der zus\u00e4tzlichen Bedingungen und Richtlinien, welche per\u00a0Hyperlink zur Verf\u00fcgung gestellt werden.<\/p>\n<p>Unsere Services\/Webseite oder Teile davon d\u00fcrfen ohne unsere schriftliche Zustimmung weder reproduziert, dupliziert, kopiert oder weiterzuverkauft werden.<\/p>\n<p>Diese AGB\u2019s gelten f\u00fcr alle Benutzer der Webseite, einschlie\u00dflich und ohne Einschr\u00e4nkung f\u00fcr Benutzer, Kunden (Endverbraucher und Wiederverk\u00e4ufer) von Inhalten und Produkten (nachfolgend Kunde).<\/p>\n<p>Alle neuen Funktionen oder Werkzeuge, welche\u00a0hinzugef\u00fcgt werden, sind automatisch Teil der AGB\u2019s. Sie k\u00f6nnen jederzeit auf dieser Seite die aktuelle Version der AGB\u2019s\u00a0\u00fcberpr\u00fcfen. Wir behalten uns das Recht vor, durch Updates oder \u00c4nderungen auf dieser Webseite, die AGB\u2019s\u00a0zu aktualisieren, zu \u00e4ndern oder zu ersetzen.<\/p>\n<p>Die\u00a0weitere Nutzung oder der Zugriff auf die Website nach Ver\u00f6ffentlichung von \u00c4nderungen setzt die Annahme dieser \u00c4nderungen voraus.<\/p>\n<p><strong>2. BESTELLUNGEN<\/strong><\/p>\n<p>F\u00fcr Bestellungen im online Shop\u00a0www.i9bottle.ch, per email oder telefonisch gelten die nachfolgenden allgemeinen Gesch\u00e4ftsbedingungen (AGB) in\u00a0ihrer zum Zeitpunkt der jeweiligen Bestellung g\u00fcltigen Fassung.\u00a0\u00dcber Links im Online Store kann der Kunde die AGB bei der Bestellung abrufen, auf seinem Computer abspeichern und\/oder ausdrucken.\u00a0Sonderabsprachen bed\u00fcrfen der schriftlichen Form.<br \/>Unsere Bedingungen gelten auch f\u00fcr alle Folgegesch\u00e4fte, selbst dann, wenn bei deren Abschluss nicht nochmals darauf hingewiesen wird.<\/p>\n<p><strong>3. Lieferung<\/strong><\/p>\n<p>Ihre Bestellung wird innerhalb 2-3 Tagen per Post oder Logistikpartner ausgeliefert. Falls das\u00a0Produkt\u00a0nicht an Lager ist, wird der Kunde per e-Mail oder telefonisch \u00fcber den Lieferverzug informiert. i9bottle.ch\u00a0beh\u00e4lt sich\u00a0eine Nachlieferung zum fr\u00fchst m\u00f6glichen Termin vor. Die Inanspruchnahme eines neuen Liefertermins innerhalb angemessener Frist durch i9bottle.ch\u00a0berechtigt den Kunden\u00a0nicht, vom Kaufvertrag zur\u00fcckzutreten oder Schadenersatzanspr\u00fcche zu stellen.<\/p>\n<p><strong>4. Preise<\/strong><\/p>\n<p>Die angegebenen Preise verstehen sich als Endverbraucherpreise in CHF inklusive der gesetzlich vorgeschriebenen Mehrwertsteuer. F\u00fcr Wiederverk\u00e4ufer gelten die Preise gem\u00e4ss separater Wiederverkaufspreisliste. Die Ware wird gegen Rechnung oder PayPal geliefert. Preis- und AGB-\u00c4nderungen k\u00f6nnen jederzeit ohne Vorank\u00fcndigung vorgenommen werden.<\/p>\n<p><strong>5. Versandkosten<\/strong><\/p>\n<p>Die Versandkosten berechnen sich automatisch bei Ihrer Bestellung. Ab einem Bestellwert von CHF 60 erfolgt die Lieferung an Endverbraucher versandkostenfrei.<br \/>F\u00fcr Wiederverk\u00e4ufer gelten die Konditionen gem\u00e4ss Wiederverkaufs-Preisliste.<\/p>\n<p><strong>6. Lieferung\u00a0exklusive in der Schweiz und Lichtenstein<\/strong><\/p>\n<p>i9bottle.ch beliefert ausschliesslich Kunden in der Schweiz wie auch im F\u00fcrstentum Lichtenstein.<br \/>F\u00fcr Lieferungen ausserhalb dieser beiden L\u00e4nder kann der jeweilig zust\u00e4ndige\u00a0Landesvertriebs-Partner unter <a href=\"mailto:info@i9bottle.com\" target=\"_blank\" rel=\"noopener\">info@i9bottle.com<\/a> in Erfahrung gebracht werden.<\/p>\n<p><strong>7. Versand<\/strong><\/p>\n<p>Der Versand erfolgt auf eigene Gefahr des\u00a0Kunden.<\/p>\n<p><strong>8. R\u00fcckgaberecht \/Transportsch\u00e4den<\/strong><\/p>\n<p>i9bottle.ch\u00a0gew\u00e4hrt f\u00fcr nicht benutzte i9 Flaschen\u00a0innerhalb von 30 Tagen nach Empfang (Datum des Poststempels) ein R\u00fcckgaberecht sowie auf dem informierten Chip eine lebenslange Garantie.\u00a0Das Zerbrechen der i9 Flasche infolge Fallens oder die Besch\u00e4digungen der Flasche oder des informierten Chips\u00a0durch \u00e4ussere unsachgem\u00e4sse Behandlungsmethoden sind jedoch nicht Teil der Garantie.\u00a0Die i9 Flasche\u00a0muss dazu\u00a0inkl. Lieferdokumente zur\u00fcckgesendet werden. Der Kaufpreis wird auf die Folgebestellung angerechnet oder zur\u00fcckerstattet.<br \/>i9bottle.ch\u00a0ist\u00a0bei der Geltendmachung von eventuellen Transportsch\u00e4den behilflich, jedoch nur, sofern der Kunde\u00a0es nicht vers\u00e4umt hat, sich einen eventuell\u00a0eingetretenen Transportschaden umgehend bei der Post, Bahn oder zust\u00e4ndigem Spediteur bescheinigen zu lassen, und sofern er i9bottle.ch\u00a0\u00fcber den\u00a0eingetretenen Schaden umgehend informiert.<br \/>Bei begr\u00fcndeten und rechtzeitig erfolgten M\u00e4ngelr\u00fcgen erfolgt gegen kosten- und lastenfreie R\u00fcckgabe der fehlerhaften Ware eine kostenlose Ersatzlieferung oder Beseitigung der M\u00e4ngel durch i9bottle.ch.<\/p>\n<p><strong>9. Eigentumsvorbehalt<\/strong><\/p>\n<p>Die Ware bleibt bis zur vollst\u00e4ndigen Bezahlung Eigentum\u00a0von i9bottle.ch.<\/p>\n<p><strong>10. Haftung<\/strong><\/p>\n<p>Der Einsatz der Produkte und deren Verwendung ist ausschliesslich Sache des Kunden und erfolgt auf dessen eigene Verantwortung. In keinem Fall haftet\u00a0i9bottle.ch\u00a0dem Kunden oder Dritten gegen\u00fcber f\u00fcr Sch\u00e4den, die sich direkt oder indirekt durch den Gebrauch ergeben. Ausgeschlossen ist insbesondere auch jede Haftung f\u00fcr Folgesch\u00e4den.<\/p>\n<p><strong>11. Warenzeichen und Markennamen<\/strong><\/p>\n<p>i9, i9bottle und weitere sind eingetragene Warenzeichen von \u00a9 2016 \u2013 i9 d.o.o. Limbuska cesta 78B, Maribor, Slovenia \u2013 EU und d\u00fcrfen ohne schriftliche Genehmigung nicht weiterverwendet werden.<\/p>\n<p><strong>12. Teilunwirksamkeit<\/strong><\/p>\n<p>Sollte eine der vorstehenden Bedingungen unwirksam werden, wird dadurch die G\u00fcltigkeit der \u00fcbrigen Bestimmungen nicht ber\u00fchrt.<\/p>\n<p><strong>13.\u00a0Erf\u00fcllungsort und Gerichtsstand<\/strong><\/p>\n<p>Erf\u00fcllungsort und Gerichtsstand f\u00fcr die beidseitigen Verpflichtungen ist der Kanton Luzern, Schweiz<\/p>\n<\/div>\n<\/div>\n<\/div>\n<\/div>\n<\/div>\n<\/div>\n<\/div>\n<\/div>\n<\/div>\n<\/div>\n<\/div>\n<\/div>\n<p>[\/et_pb_text][\/et_pb_column][\/et_pb_row][\/et_pb_section]<\/p>\n","protected":false},"excerpt":{"rendered":"<p><div class=\"et_pb_row et_pb_row_0 et_pb_row_empty\">\n\t\t\t\t\n\t\t\t\t\n\t\t\t\t\n\t\t\t\t\n\t\t\t\t\n\t\t\t<\/div> Allgemeine Gesch\u00e4ftsbedingungen AGB\u00a01. ALLGEMEIN, GELTUNGSBEREICH, VERTRAGSPARTNERDiese Website wird von i9 by excellent4you GmbH (nachfolgend \u201ci9bootle.ch\u201d betrieben). i9bottle.ch\u00a0bietet diese Website einschlie\u00dflich aller Informationen, Tools und Dienste Ihnen\u00a0als\u00a0Benutzer, unter der Bedingung der Akzeptanz aller\u00a0nachstehenden Hinweise und Bedingungen an.Durch den Besuch unserer Website und\/oder dem Kauf in unserem Webshop erkl\u00e4ren sich mit den nachstehenden Allgemeinen Gesch\u00e4ftsbedingungen einverstanden [&hellip;]<\/p>\n","protected":false},"author":8,"featured_media":0,"parent":0,"menu_order":-1,"comment_status":"closed","ping_status":"open","template":"","meta":{"_et_pb_use_builder":"on","_et_pb_old_content":"<div class=\"ivan-custom-wrapper theme_default custom-height \"><div class=\" standart vc_row wpb_row vc_row-fluid\" data-min-height=\"\"><div class=\"vc_col-sm-12 wpb_column vc_column_container \"><div class=\"wpb_wrapper\"><div class=\"wpb_text_column wpb_content_element vc_1458655798606 \"><div class=\"wpb_wrapper\"><h3>Allgemeine Gesch\u00e4ftsbedingungen AGB<\/h3><\/div><\/div><\/div><\/div><\/div><\/div><div class=\"ivan-custom-wrapper theme_default \"><div class=\" vc_row wpb_row vc_row-fluid\" data-min-height=\"\"><div class=\"vc_col-sm-3 wpb_column vc_column_container \"><div class=\"wpb_wrapper\"><div class=\"wpb_text_column wpb_content_element vc_custom_2146 \"><div class=\"wpb_wrapper\">\u00a0<\/div><\/div><\/div><\/div><div class=\"vc_col-sm-6 wpb_column vc_column_container \"><div class=\"wpb_wrapper\"><div class=\"wpb_text_column wpb_content_element vc_1458667531222 \"><div class=\"wpb_wrapper\"><p><strong>1. ALLGEMEIN, GELTUNGSBEREICH, VERTRAGSPARTNER<\/strong><\/p><p>Diese Website wird von i9 by excellent4you GmbH (nachfolgend \u201ci9bootle.ch\u201d betrieben). i9bottle.ch\u00a0bietet diese Website einschlie\u00dflich aller Informationen, Tools und Dienste Ihnen\u00a0als\u00a0Benutzer, unter der Bedingung der Akzeptanz aller\u00a0nachstehenden Hinweise und Bedingungen an.<\/p><p>Durch den Besuch unserer Website und\/oder dem Kauf in unserem Webshop erkl\u00e4ren sich mit den nachstehenden Allgemeinen Gesch\u00e4ftsbedingungen einverstanden (nachfolgend AGB), einschlie\u00dflich der zus\u00e4tzlichen Bedingungen und Richtlinien, welche per\u00a0Hyperlink zur Verf\u00fcgung gestellt werden.<\/p><p>Unsere Services\/Webseite oder Teile davon d\u00fcrfen ohne unsere schriftliche Zustimmung weder reproduziert, dupliziert, kopiert oder weiterzuverkauft werden.<\/p><p>Diese AGB\u2019s gelten f\u00fcr alle Benutzer der Webseite, einschlie\u00dflich und ohne Einschr\u00e4nkung f\u00fcr Benutzer, Kunden (Endverbraucher und Wiederverk\u00e4ufer) von Inhalten und Produkten (nachfolgend Kunde).<\/p><p>Alle neuen Funktionen oder Werkzeuge, welche\u00a0hinzugef\u00fcgt werden, sind automatisch Teil der AGB\u2019s. Sie k\u00f6nnen jederzeit auf dieser Seite die aktuelle Version der AGB\u2019s\u00a0\u00fcberpr\u00fcfen. Wir behalten uns das Recht vor, durch Updates oder \u00c4nderungen auf dieser Webseite, die AGB\u2019s\u00a0zu aktualisieren, zu \u00e4ndern oder zu ersetzen.<\/p><p>Die\u00a0weitere Nutzung oder der Zugriff auf die Website nach Ver\u00f6ffentlichung von \u00c4nderungen setzt die Annahme dieser \u00c4nderungen voraus.<\/p><p><strong>2. BESTELLUNGEN<\/strong><\/p><p>F\u00fcr Bestellungen im online Shop\u00a0www.i9bottle.ch, per email oder telefonisch gelten die nachfolgenden allgemeinen Gesch\u00e4ftsbedingungen (AGB) in\u00a0ihrer zum Zeitpunkt der jeweiligen Bestellung g\u00fcltigen Fassung.\u00a0\u00dcber Links im Online Store kann der Kunde die AGB bei der Bestellung abrufen, auf seinem Computer abspeichern und\/oder ausdrucken.\u00a0Sonderabsprachen bed\u00fcrfen der schriftlichen Form.<br \/>Unsere Bedingungen gelten auch f\u00fcr alle Folgegesch\u00e4fte, selbst dann, wenn bei deren Abschluss nicht nochmals darauf hingewiesen wird.<\/p><p><strong>3. Lieferung<\/strong><\/p><p>Ihre Bestellung wird innerhalb 2-3 Tagen per Post oder Logistikpartner ausgeliefert. Falls das\u00a0Produkt\u00a0nicht an Lager ist, wird der Kunde per e-Mail oder telefonisch \u00fcber den Lieferverzug informiert. i9bottle.ch\u00a0beh\u00e4lt sich\u00a0eine Nachlieferung zum fr\u00fchst m\u00f6glichen Termin vor. Die Inanspruchnahme eines neuen Liefertermins innerhalb angemessener Frist durch i9bottle.ch\u00a0berechtigt den Kunden\u00a0nicht, vom Kaufvertrag zur\u00fcckzutreten oder Schadenersatzanspr\u00fcche zu stellen.<\/p><p><strong>4. Preise<\/strong><\/p><p>Die angegebenen Preise verstehen sich als Endverbraucherpreise in CHF inklusive der gesetzlich vorgeschriebenen Mehrwertsteuer. F\u00fcr Wiederverk\u00e4ufer gelten die Preise gem\u00e4ss separater Wiederverkaufspreisliste. Die Ware wird gegen Rechnung oder PayPal geliefert. Preis- und AGB-\u00c4nderungen k\u00f6nnen jederzeit ohne Vorank\u00fcndigung vorgenommen werden.<\/p><p><strong>5. Versandkosten<\/strong><\/p><p>Die Versandkosten berechnen sich automatisch bei Ihrer Bestellung. Ab einem Bestellwert von CHF 60 erfolgt die Lieferung an Endverbraucher versandkostenfrei.<br \/>F\u00fcr Wiederverk\u00e4ufer gelten die Konditionen gem\u00e4ss Wiederverkaufs-Preisliste.<\/p><p><strong>6. Lieferung\u00a0exklusive in der Schweiz und Lichtenstein<\/strong><\/p><p>i9bottle.ch beliefert ausschliesslich Kunden in der Schweiz wie auch im F\u00fcrstentum Lichtenstein.<br \/>F\u00fcr Lieferungen ausserhalb dieser beiden L\u00e4nder kann der jeweilig zust\u00e4ndige\u00a0Landesvertriebs-Partner unter <a href=\"mailto:info@i9bottle.com\" target=\"_blank\" rel=\"noopener\">info@i9bottle.com<\/a> in Erfahrung gebracht werden.<\/p><p><strong>7. Versand<\/strong><\/p><p>Der Versand erfolgt auf eigene Gefahr des\u00a0Kunden.<\/p><p><strong>8. R\u00fcckgaberecht \/Transportsch\u00e4den<\/strong><\/p><p>i9bottle.ch\u00a0gew\u00e4hrt f\u00fcr nicht benutzte i9 Flaschen\u00a0innerhalb von 30 Tagen nach Empfang (Datum des Poststempels) ein R\u00fcckgaberecht sowie auf dem informierten Chip eine lebenslange Garantie.\u00a0Das Zerbrechen der i9 Flasche infolge Fallens oder die Besch\u00e4digungen der Flasche oder des informierten Chips\u00a0durch \u00e4ussere unsachgem\u00e4sse Behandlungsmethoden sind jedoch nicht Teil der Garantie.\u00a0Die i9 Flasche\u00a0muss dazu\u00a0inkl. Lieferdokumente zur\u00fcckgesendet werden. Der Kaufpreis wird auf die Folgebestellung angerechnet oder zur\u00fcckerstattet.<br \/>i9bottle.ch\u00a0ist\u00a0bei der Geltendmachung von eventuellen Transportsch\u00e4den behilflich, jedoch nur, sofern der Kunde\u00a0es nicht vers\u00e4umt hat, sich einen eventuell\u00a0eingetretenen Transportschaden umgehend bei der Post, Bahn oder zust\u00e4ndigem Spediteur bescheinigen zu lassen, und sofern er i9bottle.ch\u00a0\u00fcber den\u00a0eingetretenen Schaden umgehend informiert.<br \/>Bei begr\u00fcndeten und rechtzeitig erfolgten M\u00e4ngelr\u00fcgen erfolgt gegen kosten- und lastenfreie R\u00fcckgabe der fehlerhaften Ware eine kostenlose Ersatzlieferung oder Beseitigung der M\u00e4ngel durch i9bottle.ch.<\/p><p><strong>9. Eigentumsvorbehalt<\/strong><\/p><p>Die Ware bleibt bis zur vollst\u00e4ndigen Bezahlung Eigentum\u00a0von i9bottle.ch.<\/p><p><strong>10. Haftung<\/strong><\/p><p>Der Einsatz der Produkte und deren Verwendung ist ausschliesslich Sache des Kunden und erfolgt auf dessen eigene Verantwortung. In keinem Fall haftet\u00a0i9bottle.ch\u00a0dem Kunden oder Dritten gegen\u00fcber f\u00fcr Sch\u00e4den, die sich direkt oder indirekt durch den Gebrauch ergeben. Ausgeschlossen ist insbesondere auch jede Haftung f\u00fcr Folgesch\u00e4den.<\/p><p><strong>11. Warenzeichen und Markennamen<\/strong><\/p><p>i9, i9bottle und weitere sind eingetragene Warenzeichen von \u00a9 2016 \u2013 i9 d.o.o. Limbuska cesta 78B, Maribor, Slovenia \u2013 EU und d\u00fcrfen ohne schriftliche Genehmigung nicht weiterverwendet werden.<\/p><p><strong>12. Teilunwirksamkeit<\/strong><\/p><p>Sollte eine der vorstehenden Bedingungen unwirksam werden, wird dadurch die G\u00fcltigkeit der \u00fcbrigen Bestimmungen nicht ber\u00fchrt.<\/p><p><strong>13.\u00a0Erf\u00fcllungsort und Gerichtsstand<\/strong><\/p><p>Erf\u00fcllungsort und Gerichtsstand f\u00fcr die beidseitigen Verpflichtungen ist der Kanton Luzern, Schweiz<\/p><\/div><\/div><\/div><\/div><\/div><\/div>","_et_gb_content_width":"","footnotes":""},"class_list":["post-9879","page","type-page","status-publish","hentry"],"_links":{"self":[{"href":"https:\/\/i9bottle.ch\/en\/wp-json\/wp\/v2\/pages\/9879","targetHints":{"allow":["GET"]}}],"collection":[{"href":"https:\/\/i9bottle.ch\/en\/wp-json\/wp\/v2\/pages"}],"about":[{"href":"https:\/\/i9bottle.ch\/en\/wp-json\/wp\/v2\/types\/page"}],"author":[{"embeddable":true,"href":"https:\/\/i9bottle.ch\/en\/wp-json\/wp\/v2\/users\/8"}],"replies":[{"embeddable":true,"href":"https:\/\/i9bottle.ch\/en\/wp-json\/wp\/v2\/comments?post=9879"}],"version-history":[{"count":0,"href":"https:\/\/i9bottle.ch\/en\/wp-json\/wp\/v2\/pages\/9879\/revisions"}],"wp:attachment":[{"href":"https:\/\/i9bottle.ch\/en\/wp-json\/wp\/v2\/media?parent=9879"}],"curies":[{"name":"wp","href":"https:\/\/api.w.org\/{rel}","templated":true}]}}