{"id":10107,"date":"2019-03-28T22:08:56","date_gmt":"2019-03-28T22:08:56","guid":{"rendered":"https:\/\/i9bottle.ch\/?page_id=10107"},"modified":"2023-08-04T10:19:15","modified_gmt":"2023-08-04T08:19:15","slug":"i9-informed-water-bottle","status":"publish","type":"page","link":"https:\/\/i9bottle.ch\/fr\/","title":{"rendered":"i9 INFORMED WATER BOTTLE"},"content":{"rendered":"<p>[et_pb_section fb_built=\u00a0\u00bb1&Prime; fullwidth=\u00a0\u00bbon\u00a0\u00bb _builder_version=\u00a0\u00bb4.16&Prime; _module_preset=\u00a0\u00bbdefault\u00a0\u00bb global_colors_info=\u00a0\u00bb{}\u00a0\u00bb][et_pb_fullwidth_image src=\u00a0\u00bbhttps:\/\/i9bottle.ch\/wp-content\/uploads\/2022\/05\/i9_bottle_pinkgrey-05.jpg\u00a0\u00bb title_text=\u00a0\u00bbi9_bottle_pink&#038;grey 05&Prime; _builder_version=\u00a0\u00bb4.16&Prime; _module_preset=\u00a0\u00bbdefault\u00a0\u00bb global_colors_info=\u00a0\u00bb{}\u00a0\u00bb][\/et_pb_fullwidth_image][\/et_pb_section][et_pb_section fb_built=\u00a0\u00bb1&Prime; _builder_version=\u00a0\u00bb4.16&Prime; global_colors_info=\u00a0\u00bb{}\u00a0\u00bb][et_pb_row _builder_version=\u00a0\u00bb4.16&Prime; background_size=\u00a0\u00bbinitial\u00a0\u00bb background_position=\u00a0\u00bbtop_left\u00a0\u00bb background_repeat=\u00a0\u00bbrepeat\u00a0\u00bb global_colors_info=\u00a0\u00bb{}\u00a0\u00bb][et_pb_column type=\u00a0\u00bb4_4&Prime; _builder_version=\u00a0\u00bb4.16&Prime; custom_padding=\u00a0\u00bb|||\u00a0\u00bb global_colors_info=\u00a0\u00bb{}\u00a0\u00bb custom_padding__hover=\u00a0\u00bb|||\u00a0\u00bb][et_pb_cta title=\u00a0\u00bbPlus qu&rsquo;une simple bouteille\u00a0\u00bb _builder_version=\u00a0\u00bb4.16&Prime; header_level=\u00a0\u00bbh1&Prime; header_font=\u00a0\u00bbPoppins|||on|||||\u00a0\u00bb header_text_align=\u00a0\u00bbleft\u00a0\u00bb header_text_color=\u00a0\u00bb#666666&Prime; header_font_size=\u00a0\u00bb30px\u00a0\u00bb body_font=\u00a0\u00bbPoppins||||||||\u00a0\u00bb body_text_align=\u00a0\u00bbleft\u00a0\u00bb body_text_color=\u00a0\u00bb#666666&Prime; body_font_size=\u00a0\u00bb16px\u00a0\u00bb use_background_color=\u00a0\u00bboff\u00a0\u00bb custom_margin=\u00a0\u00bb0px||||false|false\u00a0\u00bb global_colors_info=\u00a0\u00bb{}\u00a0\u00bb]<\/p>\n<h5>Au coeur de la bouteille i9, est ins\u00e9r\u00e9e une etiquette inform\u00e9e unique qui influence positivement l&rsquo;\u00e9cuilibre naturel et la vitalit\u00e9 de l&rsquo;eau. l&rsquo;eau retrouve sa structure mol\u00e9culaire naturelle (vivacit\u00e9).<\/h5>\n<p>[\/et_pb_cta][\/et_pb_column][\/et_pb_row][\/et_pb_section][et_pb_section fb_built=\u00a0\u00bb1&Prime; _builder_version=\u00a0\u00bb4.16&Prime; background_position=\u00a0\u00bbbottom_left\u00a0\u00bb custom_margin=\u00a0\u00bb0px||0px\u00a0\u00bb custom_padding=\u00a0\u00bb0px|0px|0px|||\u00a0\u00bb top_divider_height=\u00a0\u00bb0px\u00a0\u00bb global_colors_info=\u00a0\u00bb{}\u00a0\u00bb filter_hue_rotate__hover_enabled=\u00a0\u00bbon\u00a0\u00bb][et_pb_row column_structure=\u00a0\u00bb3_5,2_5&Prime; _builder_version=\u00a0\u00bb4.16&Prime; _module_preset=\u00a0\u00bbdefault\u00a0\u00bb global_colors_info=\u00a0\u00bb{}\u00a0\u00bb][et_pb_column type=\u00a0\u00bb3_5&Prime; _builder_version=\u00a0\u00bb4.16&Prime; _module_preset=\u00a0\u00bbdefault\u00a0\u00bb global_colors_info=\u00a0\u00bb{}\u00a0\u00bb][et_pb_blurb title=\u00a0\u00bb Empowerment vitalisant pour ton corps et balance physique\u00a0\u00bb image=\u00a0\u00bbhttps:\/\/i9bottle.ch\/wp-content\/uploads\/2021\/01\/Color-Therapy.png\u00a0\u00bb icon_placement=\u00a0\u00bbleft\u00a0\u00bb _builder_version=\u00a0\u00bb4.16&Prime; header_font=\u00a0\u00bbPoppins|||on|||||\u00a0\u00bb header_text_color=\u00a0\u00bb#666666&Prime; header_font_size=\u00a0\u00bb17px\u00a0\u00bb body_font=\u00a0\u00bbPoppins||||||||\u00a0\u00bb global_colors_info=\u00a0\u00bb{}\u00a0\u00bb]<\/p>\n<p>Les tests GDV avec la cam\u00e9ra Kirlian ont montr\u00e9 que des champs d&rsquo;\u00e9nergie biologique est am\u00e9liore de plus de 12% dans le corps et r\u00e9duit le niveau de stress de 25%.<\/p>\n<p>[\/et_pb_blurb][et_pb_blurb title=\u00a0\u00bb Aides toi \u00e0 rester hydrat\u00e9\u00a0\u00bb image=\u00a0\u00bbhttps:\/\/i9bottle.ch\/wp-content\/uploads\/2021\/01\/Helping-water-to-balance-vitality-1.png\u00a0\u00bb icon_placement=\u00a0\u00bbleft\u00a0\u00bb _builder_version=\u00a0\u00bb4.16&Prime; header_font=\u00a0\u00bbPoppins|||on|||||\u00a0\u00bb header_text_color=\u00a0\u00bb#666666&Prime; header_font_size=\u00a0\u00bb17px\u00a0\u00bb body_font=\u00a0\u00bbPoppins||||||||\u00a0\u00bb body_text_color=\u00a0\u00bb#666666&Prime; global_colors_info=\u00a0\u00bb{}\u00a0\u00bb]<\/p>\n<p>Le\u00a0<span class=\"Y2IQFc\" lang=\"fr\">secret r\u00e9side dans une meilleure biodisponibilit\u00e9 des mol\u00e9cules d&rsquo;eau aux cellules et donc une meilleure hydratation. L&rsquo;eau est le composant principal des cellules, des tissus et des fluides corporels.<\/span><\/p>\n<p>[\/et_pb_blurb][et_pb_blurb title=\u00a0\u00bbLa technologie TP\u00a0\u00bb image=\u00a0\u00bbhttps:\/\/i9bottle.ch\/wp-content\/uploads\/2021\/01\/Globally-Awarded-Technology.png\u00a0\u00bb icon_placement=\u00a0\u00bbleft\u00a0\u00bb _builder_version=\u00a0\u00bb4.16&Prime; header_font=\u00a0\u00bbPoppins|||on|||||\u00a0\u00bb header_text_color=\u00a0\u00bb#666666&Prime; header_font_size=\u00a0\u00bb17px\u00a0\u00bb body_font=\u00a0\u00bbPoppins||||||||\u00a0\u00bb global_colors_info=\u00a0\u00bb{}\u00a0\u00bb]<\/p>\n<p><span lang=\"fr\">Une technologie mondialement reconnue revitalise l&rsquo;eau, la structure de l&rsquo;eau est restaur\u00e9e \u00e0 son \u00e9tat naturelle et l&rsquo;\u00e9quilibre la vitalit\u00e9 de l&rsquo;eau. Il a \u00e9t\u00e9 \u00e9prouv\u00e9 que les mol\u00e9cules d&rsquo;eau dans la bouteille 19 ont une \u00e9nergie biophotonique plus \u00e9lev\u00e9e.<\/span><\/p>\n<p>[\/et_pb_blurb][et_pb_blurb title=\u00a0\u00bbDesign \u00e9l\u00e9gant\u00a0\u00bb image=\u00a0\u00bbhttps:\/\/i9bottle.ch\/wp-content\/uploads\/2021\/01\/Lifetime-guarantee-on-TP-tag.png\u00a0\u00bb icon_placement=\u00a0\u00bbleft\u00a0\u00bb _builder_version=\u00a0\u00bb4.17.4&Prime; header_font=\u00a0\u00bbPoppins|||on|||||\u00a0\u00bb header_text_color=\u00a0\u00bb#666666&Prime; header_font_size=\u00a0\u00bb17px\u00a0\u00bb body_font=\u00a0\u00bbPoppins||||||||\u00a0\u00bb body_text_color=\u00a0\u00bb#666666&Prime; hover_enabled=\u00a0\u00bb0&Prime; global_colors_info=\u00a0\u00bb{}\u00a0\u00bb sticky_enabled=\u00a0\u00bb0&Prime;]<\/p>\n<p><span lang=\"fr\">Verre borosilicat\u00e9 robuste \u00e0 la chaleur pour les boissons froides et chaudes. Les anneaux en silicone color\u00e9s prot\u00e8gent la bouteille i9 de la casse de la meilleure fa\u00e7on possible. Les couleurs sont bas\u00e9es sur le principe de la chromoth\u00e9rapie et se r\u00e9f\u00e8rent des 7 chakras plus le blanc.<\/span><\/p>\n<p>[\/et_pb_blurb][et_pb_blurb title=\u00a0\u00bbBouteille en verre r\u00e9utilisable et durable \u00a0\u00bb image=\u00a0\u00bbhttps:\/\/i9bottle.ch\/wp-content\/uploads\/2021\/01\/Made-of-Glass.png\u00a0\u00bb icon_placement=\u00a0\u00bbleft\u00a0\u00bb _builder_version=\u00a0\u00bb4.16&Prime; header_font=\u00a0\u00bbPoppins|||on|||||\u00a0\u00bb header_text_color=\u00a0\u00bb#666666&Prime; header_font_size=\u00a0\u00bb18px\u00a0\u00bb body_font=\u00a0\u00bbPoppins||||||||\u00a0\u00bb body_text_color=\u00a0\u00bb#666666&Prime; global_colors_info=\u00a0\u00bb{}\u00a0\u00bb]<\/p>\n<p><span lang=\"fr\">Pour un monde avec moins de microplastiques. Avec<\/span><span class=\"Y2IQFc\" lang=\"fr\">\u00a0chaque vente d&rsquo;une i9bottle nous plantons un arbre pour soutenir la reforestation<\/span><\/p>\n<p>[\/et_pb_blurb][\/et_pb_column][et_pb_column type=\u00a0\u00bb2_5&Prime; _builder_version=\u00a0\u00bb4.16&Prime; _module_preset=\u00a0\u00bbdefault\u00a0\u00bb global_colors_info=\u00a0\u00bb{}\u00a0\u00bb][et_pb_image src=\u00a0\u00bbhttps:\/\/i9bottle.ch\/wp-content\/uploads\/2022\/05\/i9-STABILITY-01.jpg\u00a0\u00bb title_text=\u00a0\u00bbi9- STABILITY &#8211; 01&Prime; _builder_version=\u00a0\u00bb4.16&Prime; _module_preset=\u00a0\u00bbdefault\u00a0\u00bb transform_scale=\u00a0\u00bb120%|120%\u00a0\u00bb transform_translate=\u00a0\u00bb100px|100px\u00a0\u00bb transform_origin=\u00a0\u00bb112%|116%\u00a0\u00bb global_colors_info=\u00a0\u00bb{}\u00a0\u00bb][\/et_pb_image][\/et_pb_column][\/et_pb_row][et_pb_row _builder_version=\u00a0\u00bb4.16&Prime; _module_preset=\u00a0\u00bbdefault\u00a0\u00bb global_colors_info=\u00a0\u00bb{}\u00a0\u00bb][et_pb_column type=\u00a0\u00bb4_4&Prime; _builder_version=\u00a0\u00bb4.16&Prime; _module_preset=\u00a0\u00bbdefault\u00a0\u00bb global_colors_info=\u00a0\u00bb{}\u00a0\u00bb][et_pb_button button_url=\u00a0\u00bb\/shop\/\u00a0\u00bb url_new_window=\u00a0\u00bbon\u00a0\u00bb button_text=\u00a0\u00bbAchetez la bouteille i9&Prime; button_alignment=\u00a0\u00bbright\u00a0\u00bb _builder_version=\u00a0\u00bb4.16&Prime; _module_preset=\u00a0\u00bbdefault\u00a0\u00bb custom_button=\u00a0\u00bbon\u00a0\u00bb button_text_color=\u00a0\u00bb#FFFFFF\u00a0\u00bb button_bg_color=\u00a0\u00bb#4C94CC\u00a0\u00bb button_font=\u00a0\u00bbPoppins||||||||\u00a0\u00bb global_colors_info=\u00a0\u00bb{}\u00a0\u00bb][\/et_pb_button][\/et_pb_column][\/et_pb_row][\/et_pb_section][et_pb_section fb_built=\u00a0\u00bb1&Prime; _builder_version=\u00a0\u00bb4.16&Prime; _module_preset=\u00a0\u00bbdefault\u00a0\u00bb background_color=\u00a0\u00bb#4c94cc\u00a0\u00bb custom_margin=\u00a0\u00bb100px||||false|false\u00a0\u00bb global_colors_info=\u00a0\u00bb{}\u00a0\u00bb][et_pb_row column_structure=\u00a0\u00bb1_3,2_3&Prime; _builder_version=\u00a0\u00bb4.16&Prime; _module_preset=\u00a0\u00bbdefault\u00a0\u00bb global_colors_info=\u00a0\u00bb{}\u00a0\u00bb][et_pb_column type=\u00a0\u00bb1_3&Prime; _builder_version=\u00a0\u00bb4.16&Prime; _module_preset=\u00a0\u00bbdefault\u00a0\u00bb global_colors_info=\u00a0\u00bb{}\u00a0\u00bb][et_pb_image src=\u00a0\u00bbhttps:\/\/i9bottle.ch\/wp-content\/uploads\/2022\/05\/i9_-blue3.jpg\u00a0\u00bb title_text=\u00a0\u00bbi9_-blue3&Prime; _builder_version=\u00a0\u00bb4.16&Prime; _module_preset=\u00a0\u00bbdefault\u00a0\u00bb transform_scale=\u00a0\u00bb110%|110%\u00a0\u00bb transform_translate=\u00a0\u00bb-90px|-90px\u00a0\u00bb global_colors_info=\u00a0\u00bb{}\u00a0\u00bb][\/et_pb_image][\/et_pb_column][et_pb_column type=\u00a0\u00bb2_3&Prime; _builder_version=\u00a0\u00bb4.16&Prime; _module_preset=\u00a0\u00bbdefault\u00a0\u00bb global_colors_info=\u00a0\u00bb{}\u00a0\u00bb][et_pb_text _builder_version=\u00a0\u00bb4.16&Prime; _module_preset=\u00a0\u00bbdefault\u00a0\u00bb text_font=\u00a0\u00bbPoppins||||||||\u00a0\u00bb text_text_color=\u00a0\u00bb#FFFFFF\u00a0\u00bb header_2_font=\u00a0\u00bbPoppins|||on|||||\u00a0\u00bb header_2_text_align=\u00a0\u00bbleft\u00a0\u00bb header_2_text_color=\u00a0\u00bb#FFFFFF\u00a0\u00bb header_2_font_size=\u00a0\u00bb30px\u00a0\u00bb header_5_font=\u00a0\u00bbPoppins||||||||\u00a0\u00bb header_5_text_color=\u00a0\u00bb#FFFFFF\u00a0\u00bb global_colors_info=\u00a0\u00bb{}\u00a0\u00bb]<\/p>\n<h2 id=\"tw-target-text\" class=\"tw-data-text tw-text-large XcVN5d tw-ta\" dir=\"ltr\" data-placeholder=\"Translation\"><span lang=\"fr\">R\u00e9veillez LE GUERRIER-\u00c9CO en vous! <\/span><\/h2>\n<h5 class=\"tw-data-text tw-text-large XcVN5d tw-ta\" dir=\"ltr\" data-placeholder=\"Translation\"><span lang=\"fr\">Buvez de mani\u00e8re durable de votre bouteille i9 \u00e0 la maison qu&rsquo;\u00e0 l&rsquo;ext\u00e9rieur. \u00ab\u00a0Ta bouteille est le message.\u00a0\u00bb\u00a0<\/span><span lang=\"fr\">Pour un monde avec moins de microplastiques.<\/span><\/h5>\n<p>[\/et_pb_text][et_pb_button button_url=\u00a0\u00bbhttps:\/\/youtu.be\/cfIcdCm9Zoc\u00a0\u00bb url_new_window=\u00a0\u00bbon\u00a0\u00bb button_text=\u00a0\u00bbVers la vid\u00e9o\u00a0\u00bb _builder_version=\u00a0\u00bb4.16&Prime; _module_preset=\u00a0\u00bbdefault\u00a0\u00bb custom_button=\u00a0\u00bbon\u00a0\u00bb button_text_color=\u00a0\u00bb#FFFFFF\u00a0\u00bb button_border_radius=\u00a0\u00bb0px\u00a0\u00bb button_font=\u00a0\u00bbPoppins||||||||\u00a0\u00bb global_colors_info=\u00a0\u00bb{}\u00a0\u00bb][\/et_pb_button][\/et_pb_column][\/et_pb_row][et_pb_row column_structure=\u00a0\u00bb2_3,1_3&Prime; _builder_version=\u00a0\u00bb4.16&Prime; _module_preset=\u00a0\u00bbdefault\u00a0\u00bb global_colors_info=\u00a0\u00bb{}\u00a0\u00bb][et_pb_column type=\u00a0\u00bb2_3&Prime; _builder_version=\u00a0\u00bb4.16&Prime; _module_preset=\u00a0\u00bbdefault\u00a0\u00bb global_colors_info=\u00a0\u00bb{}\u00a0\u00bb][et_pb_text _builder_version=\u00a0\u00bb4.16&Prime; _module_preset=\u00a0\u00bbdefault\u00a0\u00bb text_font=\u00a0\u00bbPoppins||||||||\u00a0\u00bb text_text_color=\u00a0\u00bb#FFFFFF\u00a0\u00bb header_2_font=\u00a0\u00bbPoppins|||on|||||\u00a0\u00bb header_2_text_color=\u00a0\u00bb#FFFFFF\u00a0\u00bb header_2_font_size=\u00a0\u00bb30px\u00a0\u00bb header_5_font=\u00a0\u00bbPoppins||||||||\u00a0\u00bb header_5_text_color=\u00a0\u00bb#FFFFFF\u00a0\u00bb custom_margin=\u00a0\u00bb100px||0px||false|false\u00a0\u00bb custom_padding=\u00a0\u00bb||0px||false|false\u00a0\u00bb global_colors_info=\u00a0\u00bb{}\u00a0\u00bb]<\/p>\n<h2>A chaque vente d&rsquo;une bouteille i9, nous plantons un arbre<\/h2>\n<p>[\/et_pb_text][\/et_pb_column][et_pb_column type=\u00a0\u00bb1_3&Prime; _builder_version=\u00a0\u00bb4.16&Prime; _module_preset=\u00a0\u00bbdefault\u00a0\u00bb global_colors_info=\u00a0\u00bb{}\u00a0\u00bb][et_pb_slider _builder_version=\u00a0\u00bb4.16&Prime; custom_button=\u00a0\u00bbon\u00a0\u00bb button_text_size=\u00a0\u00bb17px\u00a0\u00bb button_text_color=\u00a0\u00bb#FFFFFF\u00a0\u00bb button_border_width=\u00a0\u00bb2px\u00a0\u00bb button_border_color=\u00a0\u00bb#FFFFFF\u00a0\u00bb button_border_radius=\u00a0\u00bb0px\u00a0\u00bb button_font=\u00a0\u00bbPoppins|||on|||||\u00a0\u00bb transform_translate=\u00a0\u00bb140px|140px\u00a0\u00bb custom_margin=\u00a0\u00bb-150px||\u00a0\u00bb link_option_url=\u00a0\u00bb\/nachhaltigkeit\/\u00a0\u00bb link_option_url_new_window=\u00a0\u00bbon\u00a0\u00bb global_colors_info=\u00a0\u00bb{}\u00a0\u00bb][et_pb_slide button_text=\u00a0\u00bbPlus d&rsquo;informations\u00a0\u00bb button_link=\u00a0\u00bbhttps:\/\/i9bottle.ch\/nachhaltigkeit\/\u00a0\u00bb use_bg_overlay=\u00a0\u00bboff\u00a0\u00bb use_text_overlay=\u00a0\u00bboff\u00a0\u00bb _builder_version=\u00a0\u00bb4.16&Prime; background_color=\u00a0\u00bb#ffffff\u00a0\u00bb background_image=\u00a0\u00bbhttps:\/\/i9bottle.ch\/wp-content\/uploads\/2021\/04\/i9-Treesisters4-copy.jpg\u00a0\u00bb button_on_hover=\u00a0\u00bbon\u00a0\u00bb custom_padding=\u00a0\u00bb356px||190px\u00a0\u00bb custom_padding_tablet=\u00a0\u00bb356px||152px\u00a0\u00bb custom_padding_phone=\u00a0\u00bb356px||152px\u00a0\u00bb link_option_url=\u00a0\u00bbhttps:\/\/i9bottle.ch\/nachhaltigkeit\/\u00a0\u00bb global_colors_info=\u00a0\u00bb{}\u00a0\u00bb sticky_transition=\u00a0\u00bbon\u00a0\u00bb][\/et_pb_slide][\/et_pb_slider][\/et_pb_column][\/et_pb_row][\/et_pb_section][et_pb_section fb_built=\u00a0\u00bb1&Prime; _builder_version=\u00a0\u00bb4.16&Prime; _module_preset=\u00a0\u00bbdefault\u00a0\u00bb background_enable_color=\u00a0\u00bboff\u00a0\u00bb custom_margin=\u00a0\u00bb100px||||false|false\u00a0\u00bb global_colors_info=\u00a0\u00bb{}\u00a0\u00bb][et_pb_row _builder_version=\u00a0\u00bb4.16&Prime; _module_preset=\u00a0\u00bbdefault\u00a0\u00bb global_colors_info=\u00a0\u00bb{}\u00a0\u00bb][et_pb_column type=\u00a0\u00bb4_4&Prime; _builder_version=\u00a0\u00bb4.16&Prime; _module_preset=\u00a0\u00bbdefault\u00a0\u00bb global_colors_info=\u00a0\u00bb{}\u00a0\u00bb][et_pb_button button_url=\u00a0\u00bb\/shop\/\u00a0\u00bb url_new_window=\u00a0\u00bbon\u00a0\u00bb button_text=\u00a0\u00bbAchetez la bouteille i9&Prime; button_alignment=\u00a0\u00bbcenter\u00a0\u00bb _builder_version=\u00a0\u00bb4.16&Prime; _module_preset=\u00a0\u00bbdefault\u00a0\u00bb custom_button=\u00a0\u00bbon\u00a0\u00bb button_text_color=\u00a0\u00bb#ffffff\u00a0\u00bb button_bg_color=\u00a0\u00bb#4c94cc\u00a0\u00bb button_font=\u00a0\u00bbPoppins||||||||\u00a0\u00bb global_colors_info=\u00a0\u00bb{}\u00a0\u00bb][\/et_pb_button][\/et_pb_column][\/et_pb_row][\/et_pb_section][et_pb_section fb_built=\u00a0\u00bb1&Prime; fullwidth=\u00a0\u00bbon\u00a0\u00bb _builder_version=\u00a0\u00bb4.16&Prime; _module_preset=\u00a0\u00bbdefault\u00a0\u00bb global_colors_info=\u00a0\u00bb{}\u00a0\u00bb][et_pb_fullwidth_image src=\u00a0\u00bbhttps:\/\/i9bottle.ch\/wp-content\/uploads\/2019\/04\/Job_10300.jpg\u00a0\u00bb title_text=\u00a0\u00bbJob_10300&Prime; _builder_version=\u00a0\u00bb4.16&Prime; _module_preset=\u00a0\u00bbdefault\u00a0\u00bb global_colors_info=\u00a0\u00bb{}\u00a0\u00bb][\/et_pb_fullwidth_image][\/et_pb_section]<\/p>\n","protected":false},"excerpt":{"rendered":"<p>Au coeur de la bouteille i9, est ins\u00e9r\u00e9e une etiquette inform\u00e9e unique qui influence positivement l&rsquo;\u00e9cuilibre naturel et la vitalit\u00e9 de l&rsquo;eau. l&rsquo;eau retrouve sa structure mol\u00e9culaire naturelle (vivacit\u00e9).Les tests GDV avec la cam\u00e9ra Kirlian ont montr\u00e9 que des champs d&rsquo;\u00e9nergie biologique est am\u00e9liore de plus de 12% dans le corps et r\u00e9duit le niveau [&hellip;]<\/p>\n","protected":false},"author":8,"featured_media":0,"parent":0,"menu_order":-10,"comment_status":"open","ping_status":"open","template":"","meta":{"_et_pb_use_builder":"on","_et_pb_old_content":"","_et_gb_content_width":"","footnotes":""},"class_list":["post-10107","page","type-page","status-publish","hentry"],"_links":{"self":[{"href":"https:\/\/i9bottle.ch\/fr\/wp-json\/wp\/v2\/pages\/10107","targetHints":{"allow":["GET"]}}],"collection":[{"href":"https:\/\/i9bottle.ch\/fr\/wp-json\/wp\/v2\/pages"}],"about":[{"href":"https:\/\/i9bottle.ch\/fr\/wp-json\/wp\/v2\/types\/page"}],"author":[{"embeddable":true,"href":"https:\/\/i9bottle.ch\/fr\/wp-json\/wp\/v2\/users\/8"}],"replies":[{"embeddable":true,"href":"https:\/\/i9bottle.ch\/fr\/wp-json\/wp\/v2\/comments?post=10107"}],"version-history":[{"count":25,"href":"https:\/\/i9bottle.ch\/fr\/wp-json\/wp\/v2\/pages\/10107\/revisions"}],"predecessor-version":[{"id":14678,"href":"https:\/\/i9bottle.ch\/fr\/wp-json\/wp\/v2\/pages\/10107\/revisions\/14678"}],"wp:attachment":[{"href":"https:\/\/i9bottle.ch\/fr\/wp-json\/wp\/v2\/media?parent=10107"}],"curies":[{"name":"wp","href":"https:\/\/api.w.org\/{rel}","templated":true}]}}