{"id":10136,"date":"2019-03-28T22:20:33","date_gmt":"2019-03-28T22:20:33","guid":{"rendered":"https:\/\/i9bottle.ch\/?page_id=10136"},"modified":"2021-01-20T10:21:21","modified_gmt":"2021-01-20T09:21:21","slug":"i9-technology","status":"publish","type":"page","link":"https:\/\/i9bottle.ch\/fr\/i9-technology\/","title":{"rendered":"i9 TECHNOLOGY"},"content":{"rendered":"<p>[et_pb_section bb_built=\u00a0\u00bb1&Prime; _builder_version=\u00a0\u00bb3.19.18&Prime; next_background_color=\u00a0\u00bb#ffffff\u00a0\u00bb background_color=\u00a0\u00bb#f5f5f5&Prime;][et_pb_row _builder_version=\u00a0\u00bb3.19.18&Prime; background_size=\u00a0\u00bbinitial\u00a0\u00bb background_position=\u00a0\u00bbtop_left\u00a0\u00bb background_repeat=\u00a0\u00bbrepeat\u00a0\u00bb][et_pb_column type=\u00a0\u00bb4_4&Prime;][et_pb_video src=\u00a0\u00bbhttps:\/\/i9bottle.ch\/wp-content\/uploads\/2019\/06\/399919576-medium.mp4&Prime; _builder_version=\u00a0\u00bb3.19.18&Prime; image_src=\u00a0\u00bbhttps:\/\/i9bottle.ch\/wp-content\/uploads\/2021\/01\/IMG_9985.jpg\u00a0\u00bb src_webm=\u00a0\u00bbhttps:\/\/i9bottle.ch\/wp-content\/uploads\/2019\/06\/399919576-medium.webm\u00a0\u00bb \/][\/et_pb_column][\/et_pb_row][et_pb_row _builder_version=\u00a0\u00bb3.0.48&Prime; background_size=\u00a0\u00bbinitial\u00a0\u00bb background_position=\u00a0\u00bbtop_left\u00a0\u00bb background_repeat=\u00a0\u00bbrepeat\u00a0\u00bb][et_pb_column type=\u00a0\u00bb4_4&Prime;][et_pb_text _builder_version=\u00a0\u00bb3.19.18&Prime;]<\/p>\n<div class=\"wpb_text_column wpb_content_element vc_custom_1457357641956 vc_1457357641957 \">\n<div class=\"wpb_wrapper\">\n<div class=\"wpb_text_column wpb_content_element vc_custom_1480584209393 vc_1480584209394 \">\n<div class=\"wpb_wrapper\">\n<h1>Tout, sur cette plan\u00e8te, contient un certain code ou une information.<\/h1>\n<\/div>\n<\/div>\n<div class=\"wpb_text_column wpb_content_element vc_custom_1480584269659 vc_1480584269659 \">\n<div class=\"wpb_wrapper\">\n<p>Un \u00e9minent physicien et scientifique, le\u00a0<strong>Dr. Yuri Yatsko<\/strong>, explique : il est possible d\u2019enregistrer des informations et de les transmettre \u00e0 un autre objet. La technologie permettant l\u2019application de ce processus n\u2019est pas nouvelle, et a \u00e9t\u00e9 d\u00e9velopp\u00e9e au si\u00e8cle dernier. Elle utilise un dispositif appel\u00e9 chembuster qui peut transf\u00e9rer des informations sans limitations. Il peut \u00eatre utilis\u00e9 pour transmettre des pens\u00e9es, des souhaits mais aussi les propri\u00e9t\u00e9s d\u2019un m\u00e9dicament.<\/p>\n<p><strong>En termes simplifi\u00e9s \u2013 un produit inform\u00e9 est un produit auquel ont \u00e9t\u00e9 ajout\u00e9es des informations qui ont un impact positif sur les organismes vivants.<\/strong><\/p>\n<\/div>\n<\/div>\n<\/div>\n<\/div>\n<p>[\/et_pb_text][et_pb_text _builder_version=\u00a0\u00bb3.19.18&Prime;]<\/p>\n<div class=\"wpb_text_column wpb_content_element vc_custom_1457357641956 vc_1457357641957 \">\n<div class=\"wpb_wrapper\">\n<p>Une \u00e9tiquette TP unique, agr\u00e9ment\u00e9e de codes num\u00e9riques soigneusement s\u00e9lectionn\u00e9s, est ins\u00e9r\u00e9e au c\u0153ur de la bouteille i9. Les codes sont transf\u00e9r\u00e9s vers l\u2019\u00e9tiquette inform\u00e9e via des chembusters et des \u00e9metteurs.<\/p>\n<p>La bouteille i9 est inform\u00e9e en utilisant la Technologie Poznik (TP), dont l\u2019influence positive sur la structure mol\u00e9culaire de l\u2019eau gr\u00e2ce \u00e0 un code d\u2019informations a \u00e9t\u00e9 prouv\u00e9e. Boire \u00e0 partir de la bouteille d\u2019eau i9 influe positivement sur notre bien-\u00eatre g\u00e9n\u00e9ral en augmentant notre vitalit\u00e9 ainsi que notre capacit\u00e9 \u00e0 combattre le stress, les maladies et autres facteurs nocifs. L\u2019eau inform\u00e9e a aussi un impact positif sur les animaux et les plantes.<\/p>\n<\/div>\n<\/div>\n<p>[\/et_pb_text][\/et_pb_column][\/et_pb_row][\/et_pb_section][et_pb_section bb_built=\u00a0\u00bb1&Prime; prev_background_color=\u00a0\u00bb#f5f5f5&Prime; _builder_version=\u00a0\u00bb3.0.47&Prime; next_background_color=\u00a0\u00bb#f5f5f5&Prime;][et_pb_row _builder_version=\u00a0\u00bb3.0.48&Prime; background_size=\u00a0\u00bbinitial\u00a0\u00bb background_position=\u00a0\u00bbtop_left\u00a0\u00bb background_repeat=\u00a0\u00bbrepeat\u00a0\u00bb][et_pb_column type=\u00a0\u00bb1_4&Prime;][et_pb_image _builder_version=\u00a0\u00bb3.19.18&Prime; src=\u00a0\u00bbhttps:\/\/i9bottle.ch\/wp-content\/uploads\/2019\/06\/i9_TP_Poznik.png\u00a0\u00bb align=\u00a0\u00bbcenter\u00a0\u00bb \/][\/et_pb_column][et_pb_column type=\u00a0\u00bb3_4&Prime;][et_pb_text _builder_version=\u00a0\u00bb3.19.18&Prime;]<\/p>\n<h1>A propos de la technologie TP<\/h1>\n<p>La technologie TP est une combinaison de plusieurs m\u00e9thodes scientifiques, capable d\u2019influencer les r\u00e9seaux de mol\u00e9cules li\u00e9es dans divers mat\u00e9riaux (eau, verre, plastique, m\u00e9tal et autres) au moyen d\u2019informations ou de codes. La technologie TP est soutenue par 30 ann\u00e9es de recherche et d\u2019innovation et a \u00e9t\u00e9 d\u00e9velopp\u00e9e par une \u00e9quipe d\u2019inventeurs de distinction mondiale qui a re\u00e7u plus de 90 r\u00e9compenses et reconnaissances pour ses travaux exceptionnels.<\/p>\n<p>Gr\u00e2ce \u00e0 l\u2019application pr\u00e9cise de la technologie TP, il est possible de s\u00e9lectionner, d\u2019amplifier et empreindre des informations d\u2019\u00e9nergies sp\u00e9cifiques (vibrations). Les informations sont imprim\u00e9es \u00e0 l\u2019aide de nombres, chaque nombre comprenant des centaines de s\u00e9ries d\u2019informations. Ces informations ont \u00e9t\u00e9 accumul\u00e9es \u00e0 travers une p\u00e9riode de recherche de plusieurs d\u00e9cennies. L\u2019encodage inclut des proc\u00e9dures de contr\u00f4le rigoureuses pour chacun des produits.<\/p>\n<p><em>VEUILLEZ NOTER: la bouteille d\u2019eau inform\u00e9e i9 n\u2019influence pas directement les propri\u00e9t\u00e9s biochimiques de l\u2019eau.<\/em><\/p>\n<p>[\/et_pb_text][\/et_pb_column][\/et_pb_row][et_pb_row _builder_version=\u00a0\u00bb3.0.48&Prime; background_size=\u00a0\u00bbinitial\u00a0\u00bb background_position=\u00a0\u00bbtop_left\u00a0\u00bb background_repeat=\u00a0\u00bbrepeat\u00a0\u00bb][et_pb_column type=\u00a0\u00bb1_4&Prime;][et_pb_image _builder_version=\u00a0\u00bb3.19.18&Prime; src=\u00a0\u00bbhttps:\/\/i9bottle.ch\/wp-content\/uploads\/2019\/06\/i9_certificate.png\u00a0\u00bb align=\u00a0\u00bbcenter\u00a0\u00bb \/][\/et_pb_column][et_pb_column type=\u00a0\u00bb3_4&Prime;][et_pb_text _builder_version=\u00a0\u00bb3.19.18&Prime;]<\/p>\n<h1>Reconnaissances par des organisations renomm\u00e9es<\/h1>\n<p>Les scientifiques de l\u2019institut\u00a0<strong>German Institut fur Elektrophotonik<\/strong>\u00a0\u00e0 Berlin ont pratiqu\u00e9 des tests GDV (gas discharge visualization) approfondis sur la bouteille inform\u00e9e i9 en utilisant la cam\u00e9ra Kirlian. Ces tests ont montr\u00e9, qu\u2019en comparaison avec une bouteille d\u2019eau en verre normale, boire \u00e0 partir de la bouteille inform\u00e9e i9 augmentait consid\u00e9rablement le champ vital humain.<\/p>\n<p>[\/et_pb_text][\/et_pb_column][\/et_pb_row][\/et_pb_section][et_pb_section bb_built=\u00a0\u00bb1&Prime; prev_background_color=\u00a0\u00bb#ffffff\u00a0\u00bb _builder_version=\u00a0\u00bb3.19.18&Prime; background_color=\u00a0\u00bb#f5f5f5&Prime;][et_pb_row _builder_version=\u00a0\u00bb3.0.48&Prime; background_size=\u00a0\u00bbinitial\u00a0\u00bb background_position=\u00a0\u00bbtop_left\u00a0\u00bb background_repeat=\u00a0\u00bbrepeat\u00a0\u00bb][et_pb_column type=\u00a0\u00bb1_4&Prime;][et_pb_image _builder_version=\u00a0\u00bb3.19.18&Prime; src=\u00a0\u00bbhttps:\/\/i9bottle.ch\/wp-content\/uploads\/2019\/06\/white-chakra.png\u00a0\u00bb align=\u00a0\u00bbcenter\u00a0\u00bb \/][\/et_pb_column][et_pb_column type=\u00a0\u00bb3_4&Prime;][et_pb_text _builder_version=\u00a0\u00bb3.19.18&Prime;]<\/p>\n<div class=\"wpb_text_column wpb_content_element vc_custom_1457360565121 vc_1457360565121 \">\n<div class=\"wpb_wrapper\">\n<div class=\"wpb_text_column wpb_content_element vc_custom_1480584456572 vc_1480584456572 \">\n<div class=\"wpb_wrapper\">\n<h1>Chromath\u00e9rapie<\/h1>\n<\/div>\n<\/div>\n<div class=\"wpb_text_column wpb_content_element vc_custom_1480584439441 vc_1480584439441 \">\n<div class=\"wpb_wrapper\">\n<p>La nature nous apporte des solutions incroyables et pourtant simples. Nous avons appris \u00e0 exploiter ces solutions, pour un apport au niveau personnel ainsi que pour la pr\u00e9vention de maladies.<br \/>Lorsqu\u2019elle est expos\u00e9e \u00e0 la lumi\u00e8re du soleil, l\u2019eau contenue dans un r\u00e9cipient color\u00e9 absorbe sp\u00e9cifiquement les vibrations de cette couleur. C\u2019est le principe de base de la chromath\u00e9rapie. Avec l\u2019aide d\u2019informations soigneusement s\u00e9lectionn\u00e9es (vibrations positives), nous pouvons r\u00e9ellement faire l\u2019exp\u00e9rience et b\u00e9n\u00e9ficier des vertus curatives de la nature.<\/p>\n<\/div>\n<\/div>\n<\/div>\n<\/div>\n<p>[\/et_pb_text][\/et_pb_column][\/et_pb_row][et_pb_row make_equal=\u00a0\u00bbon\u00a0\u00bb _builder_version=\u00a0\u00bb3.19.18&Prime; box_shadow_color=\u00a0\u00bbrgba(12,113,195,0.3)\u00a0\u00bb background_color_1=\u00a0\u00bb#ac4fc6&Prime; background_color_2=\u00a0\u00bb#5d4777&Prime; background_color_3=\u00a0\u00bb#69b3e7&Prime; background_color_4=\u00a0\u00bb#64a70b\u00a0\u00bb][et_pb_column type=\u00a0\u00bb1_4&Prime;][et_pb_text _builder_version=\u00a0\u00bb3.19.18&Prime; text_text_color=\u00a0\u00bb#ffffff\u00a0\u00bb background_color=\u00a0\u00bb#ac4fc6&Prime; border_width_all=\u00a0\u00bb10px\u00a0\u00bb border_color_all=\u00a0\u00bb#ac4fc6&Prime;]<\/p>\n<p><img loading=\"lazy\" decoding=\"async\" class=\"aligncenter size-full wp-image-10379\" src=\"https:\/\/i9bottle.ch\/wp-content\/uploads\/2019\/06\/crown-chakra-violet.png\" alt=\"\" width=\"250\" height=\"100\" \/><\/p>\n<p><strong>Violet \u2013 B\u00e9atitude, Spiritualit\u00e9<\/strong><\/p>\n<p>Il favorise: Savoir, Sagesse, Inspiration, Charisme, Connaissance, \u00c9tat d\u2019Esprit Sup\u00e9rieur, M\u00e9ditation, Altruisme, Anticipation, le \u201cJe Suis\u201c.<\/p>\n<p><strong>\u00a0<\/strong><\/p>\n<p>[\/et_pb_text][\/et_pb_column][et_pb_column type=\u00a0\u00bb1_4&Prime;][et_pb_text _builder_version=\u00a0\u00bb3.19.18&Prime; text_text_color=\u00a0\u00bb#ffffff\u00a0\u00bb background_color=\u00a0\u00bb#5d4777&Prime; border_width_all=\u00a0\u00bb10px\u00a0\u00bb border_color_all=\u00a0\u00bb#5d4777&Prime;]<\/p>\n<p><img loading=\"lazy\" decoding=\"async\" class=\"aligncenter size-full wp-image-10395\" src=\"https:\/\/i9bottle.ch\/wp-content\/uploads\/2019\/06\/third-eye-chakra-indigo.png\" alt=\"\" width=\"250\" height=\"100\" \/><\/p>\n<p><strong>Indigo \u2013 Intuition, Imagination<\/strong><\/p>\n<p>Il favorise: Intuition, Invention, Aptitudes Psychiques, Prise de Conscience de Soi, Perception, Lib\u00e9ration, M\u00e9moire, Courage.<\/p>\n<p>[\/et_pb_text][\/et_pb_column][et_pb_column type=\u00a0\u00bb1_4&Prime;][et_pb_text _builder_version=\u00a0\u00bb3.19.18&Prime; text_text_color=\u00a0\u00bb#ffffff\u00a0\u00bb background_color=\u00a0\u00bb#69b3e7&Prime; border_width_all=\u00a0\u00bb10px\u00a0\u00bb border_color_all=\u00a0\u00bb#69b3e7&Prime;]<\/p>\n<p><img loading=\"lazy\" decoding=\"async\" class=\"aligncenter size-full wp-image-10399\" src=\"https:\/\/i9bottle.ch\/wp-content\/uploads\/2019\/06\/throat-chakra-blue.png\" alt=\"\" width=\"250\" height=\"100\" \/><\/p>\n<p><strong>Bleu \u2013 V\u00e9rit\u00e9, Communication, Gu\u00e9rison<\/strong><\/p>\n<p>Il favorise: Parole, Confiance, Expression Cr\u00e9ative, Planification, Organisation, Prudence, Pacifisme.<\/p>\n<p>[\/et_pb_text][\/et_pb_column][et_pb_column type=\u00a0\u00bb1_4&Prime;][et_pb_text _builder_version=\u00a0\u00bb3.19.18&Prime; text_text_color=\u00a0\u00bb#ffffff\u00a0\u00bb background_color=\u00a0\u00bb#64a70b\u00a0\u00bb border_width_all=\u00a0\u00bb10px\u00a0\u00bb border_color_all=\u00a0\u00bb#64a70b\u00a0\u00bb]<\/p>\n<p><img loading=\"lazy\" decoding=\"async\" class=\"aligncenter size-full wp-image-10383\" src=\"https:\/\/i9bottle.ch\/wp-content\/uploads\/2019\/06\/heart-chakra-green.png\" alt=\"\" width=\"250\" height=\"100\" \/><\/p>\n<p><strong>Vert \u2013 Amour, \u00c9quilibre<\/strong><\/p>\n<p>Il favorise: Harmonie, \u00c9quilibre, Relations, Amour, Acceptation, Ma\u00eetrise de Soi, Compassion, Pardon, Renouveau, Croissance, Gu\u00e9rison.<\/p>\n<p>[\/et_pb_text][\/et_pb_column][\/et_pb_row][et_pb_row make_equal=\u00a0\u00bbon\u00a0\u00bb _builder_version=\u00a0\u00bb3.19.18&Prime; background_color_1=\u00a0\u00bb#e1e000&Prime; background_color_2=\u00a0\u00bb#fe5000&Prime; background_color_3=\u00a0\u00bb#cb333b\u00a0\u00bb background_color_4=\u00a0\u00bb#ffffff\u00a0\u00bb][et_pb_column type=\u00a0\u00bb1_4&Prime;][et_pb_text _builder_version=\u00a0\u00bb3.19.18&Prime; text_text_color=\u00a0\u00bb#ffffff\u00a0\u00bb background_color=\u00a0\u00bb#e1e000&Prime; border_width_all=\u00a0\u00bb10px\u00a0\u00bb border_color_all=\u00a0\u00bb#e1e000&Prime;]<\/p>\n<p><img loading=\"lazy\" decoding=\"async\" class=\"aligncenter size-full wp-image-10391\" src=\"https:\/\/i9bottle.ch\/wp-content\/uploads\/2019\/06\/solar-plexsus-chakra-yellow.png\" alt=\"\" width=\"250\" height=\"100\" \/><\/p>\n<p><strong>Jaune \u2013 Raison d\u2019\u00catre, Lumi\u00e8re<\/strong><\/p>\n<p>Il favorise: Personnalit\u00e9, Pouvoir, Connaissance,Intelligence, Esprit, Rire, Mentalit\u00e9, Clart\u00e9, Humour, Optimisme, Ma\u00eetrise de Soi, Curiosit\u00e9, Savoir.<\/p>\n<p>[\/et_pb_text][\/et_pb_column][et_pb_column type=\u00a0\u00bb1_4&Prime;][et_pb_text _builder_version=\u00a0\u00bb3.19.18&Prime; text_text_color=\u00a0\u00bb#ffffff\u00a0\u00bb background_color=\u00a0\u00bb#fe5000&Prime; border_width_all=\u00a0\u00bb10px\u00a0\u00bb border_color_all=\u00a0\u00bb#fe5000&Prime;]<\/p>\n<p><img loading=\"lazy\" decoding=\"async\" class=\"aligncenter size-full wp-image-10403\" src=\"https:\/\/i9bottle.ch\/wp-content\/uploads\/2019\/06\/sacral-chakra-orange.png\" alt=\"\" width=\"250\" height=\"100\" \/><\/p>\n<p><strong>Orange \u2013 \u00c9motion, D\u00e9sirs<\/strong><\/p>\n<p>Il favorise: Sentiments, \u00c9motions, Intimit\u00e9, Fertilit\u00e9, Sensualit\u00e9, Sexualit\u00e9 F\u00e9minine, Assurance, Sociabilit\u00e9, Libert\u00e9, Cr\u00e9ativit\u00e9.<\/p>\n<p>[\/et_pb_text][\/et_pb_column][et_pb_column type=\u00a0\u00bb1_4&Prime;][et_pb_text _builder_version=\u00a0\u00bb3.19.18&Prime; text_text_color=\u00a0\u00bb#ffffff\u00a0\u00bb background_color=\u00a0\u00bb#cb333b\u00a0\u00bb border_width_all=\u00a0\u00bb10px\u00a0\u00bb border_color_all=\u00a0\u00bb#cb333b\u00a0\u00bb]<\/p>\n<p><img loading=\"lazy\" decoding=\"async\" class=\"aligncenter size-full wp-image-10387\" src=\"https:\/\/i9bottle.ch\/wp-content\/uploads\/2019\/06\/root-chakra-red.png\" alt=\"\" width=\"250\" height=\"100\" \/><\/p>\n<p><strong>Rouge \u2013 Passion, Volont\u00e9<\/strong><\/p>\n<p>Il favorise: Survie, Vitalit\u00e9, R\u00e9alit\u00e9, Bases, S\u00e9curit\u00e9, Soutient, Stabilit\u00e9, Sexualit\u00e9 Masculine, Individualit\u00e9, Courage, Impulsivit\u00e9.<\/p>\n<p>[\/et_pb_text][\/et_pb_column][et_pb_column type=\u00a0\u00bb1_4&Prime;][et_pb_text _builder_version=\u00a0\u00bb3.19.18&Prime; text_text_color=\u00a0\u00bb#adadad\u00a0\u00bb background_color=\u00a0\u00bb#ffffff\u00a0\u00bb border_width_all=\u00a0\u00bb10px\u00a0\u00bb border_color_all=\u00a0\u00bb#ffffff\u00a0\u00bb]<\/p>\n<p><img loading=\"lazy\" decoding=\"async\" class=\"aligncenter size-full wp-image-10374\" src=\"https:\/\/i9bottle.ch\/wp-content\/uploads\/2019\/06\/white-chakra.png\" alt=\"\" width=\"250\" height=\"100\" \/><\/p>\n<p><strong>White &#8211; Puret\u00e9, puissance sup\u00e9rieure<\/strong><\/p>\n<p>Il favorise: Illumination, Lib\u00e9ration, Brillance, Radiance, Transcendance, Purification et Purification, Sensibilit\u00e9, Capable de compassion.<\/p>\n<p>[\/et_pb_text][\/et_pb_column][\/et_pb_row][\/et_pb_section]<\/p>\n","protected":false},"excerpt":{"rendered":"<p>Tout, sur cette plan\u00e8te, contient un certain code ou une information. Un \u00e9minent physicien et scientifique, le\u00a0Dr. Yuri Yatsko, explique : il est possible d\u2019enregistrer des informations et de les transmettre \u00e0 un autre objet. La technologie permettant l\u2019application de ce processus n\u2019est pas nouvelle, et a \u00e9t\u00e9 d\u00e9velopp\u00e9e au si\u00e8cle dernier. Elle utilise un [&hellip;]<\/p>\n","protected":false},"author":8,"featured_media":0,"parent":0,"menu_order":0,"comment_status":"closed","ping_status":"closed","template":"","meta":{"_et_pb_use_builder":"on","_et_pb_old_content":"","_et_gb_content_width":"","footnotes":""},"class_list":["post-10136","page","type-page","status-publish","hentry"],"_links":{"self":[{"href":"https:\/\/i9bottle.ch\/fr\/wp-json\/wp\/v2\/pages\/10136","targetHints":{"allow":["GET"]}}],"collection":[{"href":"https:\/\/i9bottle.ch\/fr\/wp-json\/wp\/v2\/pages"}],"about":[{"href":"https:\/\/i9bottle.ch\/fr\/wp-json\/wp\/v2\/types\/page"}],"author":[{"embeddable":true,"href":"https:\/\/i9bottle.ch\/fr\/wp-json\/wp\/v2\/users\/8"}],"replies":[{"embeddable":true,"href":"https:\/\/i9bottle.ch\/fr\/wp-json\/wp\/v2\/comments?post=10136"}],"version-history":[{"count":6,"href":"https:\/\/i9bottle.ch\/fr\/wp-json\/wp\/v2\/pages\/10136\/revisions"}],"predecessor-version":[{"id":11620,"href":"https:\/\/i9bottle.ch\/fr\/wp-json\/wp\/v2\/pages\/10136\/revisions\/11620"}],"wp:attachment":[{"href":"https:\/\/i9bottle.ch\/fr\/wp-json\/wp\/v2\/media?parent=10136"}],"curies":[{"name":"wp","href":"https:\/\/api.w.org\/{rel}","templated":true}]}}