{"id":11817,"date":"2021-04-12T12:21:31","date_gmt":"2021-04-12T10:21:31","guid":{"rendered":"https:\/\/i9bottle.ch\/?page_id=11817"},"modified":"2021-04-13T08:24:20","modified_gmt":"2021-04-13T06:24:20","slug":"nachhaltigkeit","status":"publish","type":"page","link":"https:\/\/i9bottle.ch\/fr\/nachhaltigkeit\/","title":{"rendered":"Nachhaltigkeit"},"content":{"rendered":"<p>[et_pb_section bb_built=\u00a0\u00bb1&Prime; fullwidth=\u00a0\u00bbon\u00a0\u00bb next_background_color=\u00a0\u00bb#000000&Prime; _builder_version=\u00a0\u00bb3.0.47&Prime;][et_pb_fullwidth_image src=\u00a0\u00bbhttps:\/\/i9bottle.ch\/wp-content\/uploads\/2021\/04\/Fooder-1.jpeg\u00a0\u00bb _builder_version=\u00a0\u00bb3.19.18&Prime;]<\/p>\n<p>[\/et_pb_fullwidth_image][\/et_pb_section][et_pb_section bb_built=\u00a0\u00bb1&Prime; prev_background_color=\u00a0\u00bb#000000&Prime; next_background_color=\u00a0\u00bb#000000&Prime; _builder_version=\u00a0\u00bb3.19.18&Prime;][et_pb_row _builder_version=\u00a0\u00bb3.0.48&Prime; background_size=\u00a0\u00bbinitial\u00a0\u00bb background_position=\u00a0\u00bbtop_left\u00a0\u00bb background_repeat=\u00a0\u00bbrepeat\u00a0\u00bb][et_pb_column type=\u00a0\u00bb4_4&Prime;][et_pb_image src=\u00a0\u00bbhttps:\/\/i9bottle.ch\/wp-content\/uploads\/2021\/04\/Inst.-post-i9-Treesisters-1.png\u00a0\u00bb _builder_version=\u00a0\u00bb3.19.18&Prime; max_width=\u00a0\u00bb52%\u00a0\u00bb module_alignment=\u00a0\u00bbcenter\u00a0\u00bb]<\/p>\n<p>[\/et_pb_image][\/et_pb_column][\/et_pb_row][\/et_pb_section][et_pb_section bb_built=\u00a0\u00bb1&Prime; prev_background_color=\u00a0\u00bb#000000&Prime; next_background_color=\u00a0\u00bb#000000&Prime; _builder_version=\u00a0\u00bb3.0.47&Prime;][et_pb_row _builder_version=\u00a0\u00bb3.0.48&Prime; background_size=\u00a0\u00bbinitial\u00a0\u00bb background_position=\u00a0\u00bbtop_left\u00a0\u00bb background_repeat=\u00a0\u00bbrepeat\u00a0\u00bb][et_pb_column type=\u00a0\u00bb4_4&Prime;][et_pb_text _builder_version=\u00a0\u00bb3.19.18&Prime;]<\/p>\n<div class=\"page\" title=\"Page 2\">\n<div class=\"section\">\n<div class=\"layoutArea\">\n<div class=\"column\">\n<div class=\"page\" title=\"Page 1\">\n<div class=\"layoutArea\">\n<div class=\"column\">\n<h1>i9 gibt dem Planeten etwas zur\u00fcck und investiert in die Wiederaufforstung<\/h1>\n<p>Nachhaltigkeit ist tief in der i9 Philosophie verankert. Neben nachhaltigen Produkten machen wir nun einen passionierten Schritt, der unsere Werte und Engagement vertieft und starten der Natur etwas zur\u00fcckzugeben mit B\u00e4umen.<\/p>\n<\/div>\n<\/div>\n<\/div>\n<\/div>\n<\/div>\n<\/div>\n<\/div>\n<p>[\/et_pb_text][\/et_pb_column][\/et_pb_row][\/et_pb_section][et_pb_section bb_built=\u00a0\u00bb1&Prime; prev_background_color=\u00a0\u00bb#000000&Prime; next_background_color=\u00a0\u00bb#000000&Prime; _builder_version=\u00a0\u00bb3.0.47&Prime;][et_pb_row _builder_version=\u00a0\u00bb3.0.48&Prime; background_size=\u00a0\u00bbinitial\u00a0\u00bb background_position=\u00a0\u00bbtop_left\u00a0\u00bb background_repeat=\u00a0\u00bbrepeat\u00a0\u00bb][et_pb_column type=\u00a0\u00bb1_2&Prime;][et_pb_text _builder_version=\u00a0\u00bb3.19.18&Prime;]<\/p>\n<div class=\"page\" title=\"Page 2\">\n<div class=\"section\">\n<div class=\"layoutArea\">\n<div class=\"column\">\n<h1>Warum B\u00e4ume?<\/h1>\n<p>B\u00e4ume sind eine der wichtigsten \u00d6kosystemleistungen die uns in der momentanen Evolutionsphase zur Verf\u00fcgung stehen. Durch die globale Erw\u00e4rmung wird viel Leben\u00a0auf der Erde bedroht. W\u00e4hrend wir daran forschen wie wir Kohlendioxid in der Atmosph\u00e4re reduzieren k\u00f6nnen, resorbieren es die W\u00e4lder unserer Welt in ihre Wurzeln, Zweige, \u00c4ste und Bl\u00e4tter.\u00a0W\u00e4lder spielen eine wichtige Rolle f\u00fcr die Wasserkreisl\u00e4ufe unserer Welt und binden atmosph\u00e4risches Kohlendioxid, welches den Klimawandel beeinflusst. Werden B\u00e4ume gerodet, wird meist das vitale \u00d6kosystem zerst\u00f6rt. Dies f\u00fchrt zu einem gef\u00e4hrlichen Kaskaden Effekt, der sich in zunehmender Armut, und Klimaextremen widerspiegelt. Eine gezielte Wiederaufforstung kann in diesen Trend schnell eingreifen, die B\u00f6den stabilisieren und n\u00e4hren. Wasserreserven wieder herstellen, trockene Quellen beleben und vielen ethnischen Gruppen entlang der Fl\u00fcsse qualitativ hochwertiges und\u00a0wertvolles Wasser erm\u00f6glichen.\u00a0Um k\u00fcnftigen Generationen Zukunft und Hoffnung zu geben, m\u00fcssen wir ein Zeichen gegen die Ausbeutung von W\u00e4ldern setzten, desshalb kooperiert i9 bottle mit der Organisation TreeSisters.<\/p>\n<\/div>\n<\/div>\n<\/div>\n<\/div>\n<p>[\/et_pb_text][\/et_pb_column][et_pb_column type=\u00a0\u00bb1_2&Prime;][et_pb_image src=\u00a0\u00bbhttps:\/\/i9bottle.ch\/wp-content\/uploads\/2021\/04\/i9-Treesisters4-copy.jpg\u00a0\u00bb _builder_version=\u00a0\u00bb3.19.18&Prime;]<\/p>\n<p>[\/et_pb_image][\/et_pb_column][\/et_pb_row][et_pb_row _builder_version=\u00a0\u00bb3.0.48&Prime; background_size=\u00a0\u00bbinitial\u00a0\u00bb background_position=\u00a0\u00bbtop_left\u00a0\u00bb background_repeat=\u00a0\u00bbrepeat\u00a0\u00bb][et_pb_column type=\u00a0\u00bb1_2&Prime;][et_pb_text _builder_version=\u00a0\u00bb3.19.18&Prime;]<\/p>\n<div class=\"page\" title=\"Page 2\">\n<div class=\"section\">\n<div class=\"layoutArea\">\n<div class=\"column\">\n<div class=\"page\" title=\"Page 2\">\n<div class=\"section\">\n<div class=\"layoutArea\">\n<div class=\"column\">\n<h1>\u00dcber TreeSisters<\/h1>\n<p>TreeSisters l\u00e4d alle Menschen ein, das Bewusstsein zu f\u00f6rdern, Gutes f\u00fcr den Planeten zu tun. Ihr globales Netztwerk von \u00ab\u00a0Baumschwestern\u00a0\u00bb ver\u00e4ndert Leben und Landschaften auf eindr\u00fcckliche Weise. TreeSisters realisiert einzgartige globale Programme, die sich darauf konzentrieren, durch gezielte F\u00fchrung und Aufkl\u00e4rung die Verbindung zur Natur zu f\u00f6rdern und damit signifikante Verhaltens\u00e4nderung zu kultivieren. Sie motivieren das Verst\u00e4ndnis: Vom Konsumenten zu Rettern der Natur zu werden. TreeSisters investiert in die Wiederherstellung der Umwelt, Biodiversit\u00e4t und Communities in mehr als 10 der wichtigsten \u00d6kosystemen auf der ganzen Welt. Einschliesslich Madagaskar, Indien, Brasilien, Kenia und Nepal, Mosambik West-Papua und Kamerun. Sie lassen \u00f6kologische Wiederherstellung zur neuen Norm werden mit vertrauensw\u00fcrdiger Wiederaufforstung.<br \/><a href=\"https:\/\/treesisters.org\/\" target=\"_blank\" rel=\"noopener\">www. treesisters.org<\/a><\/p>\n<\/div>\n<\/div>\n<\/div>\n<\/div>\n<\/div>\n<\/div>\n<\/div>\n<\/div>\n<p>[\/et_pb_text][\/et_pb_column][et_pb_column type=\u00a0\u00bb1_2&Prime;][et_pb_image src=\u00a0\u00bbhttps:\/\/i9bottle.ch\/wp-content\/uploads\/2021\/04\/FB-Tree-planting.jpeg\u00a0\u00bb _builder_version=\u00a0\u00bb3.19.18&Prime; url=\u00a0\u00bbwww. tree sisters.org\u00a0\u00bb]<\/p>\n<p>[\/et_pb_image][et_pb_image src=\u00a0\u00bbhttps:\/\/i9bottle.ch\/wp-content\/uploads\/2021\/04\/logoTreesisters1920x1080.png\u00a0\u00bb _builder_version=\u00a0\u00bb3.19.18&Prime; max_width=\u00a0\u00bb28%\u00a0\u00bb module_alignment=\u00a0\u00bbcenter\u00a0\u00bb custom_margin=\u00a0\u00bb-31px||\u00a0\u00bb url=\u00a0\u00bbwww. tree sisters.org\u00a0\u00bb]<\/p>\n<p>[\/et_pb_image][\/et_pb_column][\/et_pb_row][\/et_pb_section][et_pb_section bb_built=\u00a0\u00bb1&Prime; fullwidth=\u00a0\u00bbon\u00a0\u00bb prev_background_color=\u00a0\u00bb#000000&Prime; _builder_version=\u00a0\u00bb3.0.47&Prime;][et_pb_fullwidth_image src=\u00a0\u00bbhttps:\/\/i9bottle.ch\/wp-content\/uploads\/2021\/04\/Header_i9_2.jpeg\u00a0\u00bb _builder_version=\u00a0\u00bb3.19.18&Prime;]<\/p>\n<p>[\/et_pb_fullwidth_image][\/et_pb_section]<\/p>\n","protected":false},"excerpt":{"rendered":"<p>i9 gibt dem Planeten etwas zur\u00fcck und investiert in die Wiederaufforstung Nachhaltigkeit ist tief in der i9 Philosophie verankert. Neben nachhaltigen Produkten machen wir nun einen passionierten Schritt, der unsere Werte und Engagement vertieft und starten der Natur etwas zur\u00fcckzugeben mit B\u00e4umen. Warum B\u00e4ume? B\u00e4ume sind eine der wichtigsten \u00d6kosystemleistungen die uns in der momentanen [&hellip;]<\/p>\n","protected":false},"author":9,"featured_media":0,"parent":0,"menu_order":0,"comment_status":"closed","ping_status":"closed","template":"","meta":{"_et_pb_use_builder":"on","_et_pb_old_content":"","_et_gb_content_width":"","footnotes":""},"class_list":["post-11817","page","type-page","status-publish","hentry"],"_links":{"self":[{"href":"https:\/\/i9bottle.ch\/fr\/wp-json\/wp\/v2\/pages\/11817","targetHints":{"allow":["GET"]}}],"collection":[{"href":"https:\/\/i9bottle.ch\/fr\/wp-json\/wp\/v2\/pages"}],"about":[{"href":"https:\/\/i9bottle.ch\/fr\/wp-json\/wp\/v2\/types\/page"}],"author":[{"embeddable":true,"href":"https:\/\/i9bottle.ch\/fr\/wp-json\/wp\/v2\/users\/9"}],"replies":[{"embeddable":true,"href":"https:\/\/i9bottle.ch\/fr\/wp-json\/wp\/v2\/comments?post=11817"}],"version-history":[{"count":22,"href":"https:\/\/i9bottle.ch\/fr\/wp-json\/wp\/v2\/pages\/11817\/revisions"}],"predecessor-version":[{"id":11920,"href":"https:\/\/i9bottle.ch\/fr\/wp-json\/wp\/v2\/pages\/11817\/revisions\/11920"}],"wp:attachment":[{"href":"https:\/\/i9bottle.ch\/fr\/wp-json\/wp\/v2\/media?parent=11817"}],"curies":[{"name":"wp","href":"https:\/\/api.w.org\/{rel}","templated":true}]}}