{"id":12961,"date":"2022-05-11T08:50:19","date_gmt":"2022-05-11T06:50:19","guid":{"rendered":"https:\/\/i9bottle.ch\/?post_type=product&#038;p=12961"},"modified":"2024-06-18T09:22:22","modified_gmt":"2024-06-18T07:22:22","slug":"i9-purity-kopie","status":"publish","type":"product","link":"https:\/\/i9bottle.ch\/fr\/produit\/i9-purity-kopie\/","title":{"rendered":"i9 Compassion"},"content":{"rendered":"<ul>\n<li>Stimule l\u2019\u00e9tat \u00e9nerg\u00e9tique de l\u2019eau<\/li>\n<li>Augmente l\u2019\u00e9nergie du champ vital de l\u2019eau<\/li>\n<li>R\u00e9duit le stress<\/li>\n<li>Active la th\u00e9rapie par les couleurs<\/li>\n<li>Fabriqu\u00e9e en verre de haute qualit\u00e9<\/li>\n<\/ul>\n","protected":false},"excerpt":{"rendered":"<p>Le culer rose repr\u00e9sente\u00a0<span class=\"Y2IQFc\" lang=\"fr\">le voyage int\u00e9rieur du c\u0153ur. Il nous relie \u00e0 notre sens spirituel de l&rsquo;amour et de la compassion. Le rose nous am\u00e8ne \u00e0 un \u00e9tat \u00e9motionnel d&rsquo;acceptation. Il est bien prouv\u00e9 que la lumi\u00e8re rose a un effet calmant et tranquillisant. Il d\u00e9tend le corps et diminue le stress. Le comportement violent sera diminu\u00e9 avec l&rsquo;exposition \u00e0 la lumi\u00e8re rose. Il apaise la col\u00e8re et l&rsquo;\u00e9nergie n\u00e9gative. La proximit\u00e9 de la lumi\u00e8re rose, les pens\u00e9es n\u00e9gatives et l&rsquo;agressivit\u00e9 diminuent rapidement dans votre \u00eatre. Cela peut nous aider \u00e0 passer d&rsquo;un \u00e9tat d&rsquo;esprit d\u00e9fensif \u00e0 un \u00e9tat d&rsquo;esprit apaisant et positif. Cela fonctionne comme un purificateur et c&rsquo;est une couleur parfaite pour travailler si vous avez un sujet \u00e9motionnel qui r\u00e9side dans votre corps.<\/span><\/p>\n<p>&nbsp;<\/p>\n<div>Volume: 650 ml<\/div>\n<div>Hauteur: 26 cm<\/div>\n<div>Diam\u00e8tre: (max): 8.5 cm<\/div>\n<div>Diam\u00e8tre milieu: 6 cm<\/div>\n<div>Masse &#8211; vide: 0.52 kg<\/div>\n<div>Masse \u00a0&#8211; plein: 1.17 kg<\/div>\n","protected":false},"featured_media":13009,"comment_status":"closed","ping_status":"closed","template":"","meta":{"_et_pb_use_builder":"","_et_pb_old_content":"","_et_gb_content_width":""},"product_brand":[],"product_cat":[261],"product_tag":[],"class_list":{"0":"post-12961","1":"product","2":"type-product","3":"status-publish","4":"has-post-thumbnail","6":"product_cat-i9-bottle-fr","8":"first","9":"instock","10":"taxable","11":"shipping-taxable","12":"purchasable","13":"product-type-simple"},"_links":{"self":[{"href":"https:\/\/i9bottle.ch\/fr\/wp-json\/wp\/v2\/product\/12961","targetHints":{"allow":["GET"]}}],"collection":[{"href":"https:\/\/i9bottle.ch\/fr\/wp-json\/wp\/v2\/product"}],"about":[{"href":"https:\/\/i9bottle.ch\/fr\/wp-json\/wp\/v2\/types\/product"}],"replies":[{"embeddable":true,"href":"https:\/\/i9bottle.ch\/fr\/wp-json\/wp\/v2\/comments?post=12961"}],"wp:featuredmedia":[{"embeddable":true,"href":"https:\/\/i9bottle.ch\/fr\/wp-json\/wp\/v2\/media\/13009"}],"wp:attachment":[{"href":"https:\/\/i9bottle.ch\/fr\/wp-json\/wp\/v2\/media?parent=12961"}],"wp:term":[{"taxonomy":"product_brand","embeddable":true,"href":"https:\/\/i9bottle.ch\/fr\/wp-json\/wp\/v2\/product_brand?post=12961"},{"taxonomy":"product_cat","embeddable":true,"href":"https:\/\/i9bottle.ch\/fr\/wp-json\/wp\/v2\/product_cat?post=12961"},{"taxonomy":"product_tag","embeddable":true,"href":"https:\/\/i9bottle.ch\/fr\/wp-json\/wp\/v2\/product_tag?post=12961"}],"curies":[{"name":"wp","href":"https:\/\/api.w.org\/{rel}","templated":true}]}}