{"id":12965,"date":"2022-05-11T08:56:48","date_gmt":"2022-05-11T06:56:48","guid":{"rendered":"https:\/\/i9bottle.ch\/?post_type=product&#038;p=12965"},"modified":"2022-05-11T12:26:54","modified_gmt":"2022-05-11T10:26:54","slug":"i9-stability","status":"publish","type":"product","link":"https:\/\/i9bottle.ch\/fr\/produit\/i9-stability\/","title":{"rendered":"i9 Stability"},"content":{"rendered":"<ul>\n<li>Stimule l\u2019\u00e9tat \u00e9nerg\u00e9tique de l\u2019eau<\/li>\n<li>Augmente l\u2019\u00e9nergie du champ vital de l\u2019eau<\/li>\n<li>R\u00e9duit le stress<\/li>\n<li>Active la th\u00e9rapie par les couleurs<\/li>\n<li>Fabriqu\u00e9e en verre de haute qualit\u00e9<\/li>\n<\/ul>\n","protected":false},"excerpt":{"rendered":"<p>Gris apport stabilit\u00e9, ancrage, neutralit\u00e9, \u00e9quilibre.<span class=\"Y2IQFc\" lang=\"fr\"> Le gris est la couleur du chakra de l&rsquo;\u00e9toile de la Terre, et nous guidant vers notre mission dans la vie. La couleur grise est consid\u00e9r\u00e9e comme forte, capable de se retenir et de prendre le contr\u00f4le de ses propres \u00e9motions d&rsquo;une mani\u00e8re apaisante. Du point de vue de la psychologie des couleurs, le gris est la couleur du compromis \u2013 n&rsquo;\u00e9tant ni noir ni blanc, c&rsquo;est la transition entre deux \u00ab non-couleurs \u00bb, ainsi que la plus formelle. C&rsquo;est en fait une couleur intemporelle qui se marie super bien. Gray soutient la lib\u00e9ration et le nettoyage mental, \u00e9motionnel et physique et travaille sur l&rsquo;esprit et les \u00e9motions pour apporter un \u00e9quilibre \u00e9motionnel.<\/span><\/p>\n<p>Grey brings stability, grounding, neutrality, composure, balance.cVolume: 650 ml<\/p>\n<div>Hauteur: 26 cm<\/div>\n<div>Diam\u00e8tre: (max): 8.5 cm<\/div>\n<div>Diam\u00e8tre milieu: 6 cm<\/div>\n<div>Masse &#8211; vide: 0.52 kg<\/div>\n<div>Masse \u00a0&#8211; plein: 1.17 kg<\/div>\n","protected":false},"featured_media":13015,"comment_status":"closed","ping_status":"closed","template":"","meta":{"_et_pb_use_builder":"","_et_pb_old_content":"","_et_gb_content_width":""},"product_brand":[],"product_cat":[261],"product_tag":[],"class_list":{"0":"post-12965","1":"product","2":"type-product","3":"status-publish","4":"has-post-thumbnail","6":"product_cat-i9-bottle-fr","8":"first","9":"instock","10":"taxable","11":"shipping-taxable","12":"purchasable","13":"product-type-simple"},"_links":{"self":[{"href":"https:\/\/i9bottle.ch\/fr\/wp-json\/wp\/v2\/product\/12965","targetHints":{"allow":["GET"]}}],"collection":[{"href":"https:\/\/i9bottle.ch\/fr\/wp-json\/wp\/v2\/product"}],"about":[{"href":"https:\/\/i9bottle.ch\/fr\/wp-json\/wp\/v2\/types\/product"}],"replies":[{"embeddable":true,"href":"https:\/\/i9bottle.ch\/fr\/wp-json\/wp\/v2\/comments?post=12965"}],"wp:featuredmedia":[{"embeddable":true,"href":"https:\/\/i9bottle.ch\/fr\/wp-json\/wp\/v2\/media\/13015"}],"wp:attachment":[{"href":"https:\/\/i9bottle.ch\/fr\/wp-json\/wp\/v2\/media?parent=12965"}],"wp:term":[{"taxonomy":"product_brand","embeddable":true,"href":"https:\/\/i9bottle.ch\/fr\/wp-json\/wp\/v2\/product_brand?post=12965"},{"taxonomy":"product_cat","embeddable":true,"href":"https:\/\/i9bottle.ch\/fr\/wp-json\/wp\/v2\/product_cat?post=12965"},{"taxonomy":"product_tag","embeddable":true,"href":"https:\/\/i9bottle.ch\/fr\/wp-json\/wp\/v2\/product_tag?post=12965"}],"curies":[{"name":"wp","href":"https:\/\/api.w.org\/{rel}","templated":true}]}}