{"id":12978,"date":"2018-09-11T09:03:14","date_gmt":"2018-09-11T07:03:14","guid":{"rendered":"https:\/\/i9bottle.ch\/product\/i9-brush\/"},"modified":"2022-05-11T10:47:08","modified_gmt":"2022-05-11T08:47:08","slug":"i9-brush","status":"publish","type":"product","link":"https:\/\/i9bottle.ch\/fr\/produit\/i9-brush\/","title":{"rendered":"i9 Brush"},"content":{"rendered":"<p><span class=\"Y2IQFc\" lang=\"fr\">Pour le nettoyage de la bouteille i9, nous recommandons un d\u00e9tergent doux et l&rsquo;utilisation de la brosse i9 sur mesure, qui permet un tr\u00e8s bon acc\u00e8s \u00e0 l&rsquo;int\u00e9rieur. <br \/><\/span><\/p>\n<p><span class=\"Y2IQFc\" lang=\"fr\">Dimensions: <br \/>Longueur totale 35cm <br \/>Longueur de la brosse 15 cm <br \/>Diam\u00e8tre de la brosse 4,5-5,5 cm (ovale, adapt\u00e9 \u00e0 la bouteille i9) <\/p>\n<p>Informations compl\u00e9mentaires sur le nettoyage de la i9Bottle et le nettoyage de la brosse.<\/span><\/p>\n<p>&nbsp;<\/p>\n","protected":false},"excerpt":{"rendered":"<p><span class=\"Y2IQFc\" lang=\"fr\">La brosse i9 a \u00e9t\u00e9 d\u00e9velopp\u00e9e pour pouvoir nettoyer en profond la bouteille i9 m\u00eame dans les endroits difficiles d&rsquo;acc\u00e8s (fond et zone de remplissage). Il se caract\u00e9rise par la forme parfaitement adapt\u00e9e \u00e0 la bouteille i9, qui permet d&rsquo;acc\u00e9der \u00e0 toutes les parties de l&rsquo;int\u00e9rieur de la bouteille. Une grande importance a \u00e9t\u00e9 accord\u00e9e \u00e0 la haute qualit\u00e9 et \u00e0 la durabilit\u00e9 des mat\u00e9riaux utilis\u00e9s dans le processus de fabrication. La brosse\u00a0<\/span><span class=\"Y2IQFc\" lang=\"fr\">est fabriqu\u00e9 dans un atelier pour jeunes handicap\u00e9s.<\/span><\/p>\n","protected":false},"featured_media":12957,"comment_status":"closed","ping_status":"closed","template":"","meta":{"_et_pb_use_builder":"","_et_pb_old_content":"","_et_gb_content_width":""},"product_brand":[],"product_cat":[261],"product_tag":[],"class_list":{"0":"post-12978","1":"product","2":"type-product","3":"status-publish","4":"has-post-thumbnail","6":"product_cat-i9-bottle-fr","8":"first","9":"instock","10":"taxable","11":"shipping-taxable","12":"purchasable","13":"product-type-simple"},"_links":{"self":[{"href":"https:\/\/i9bottle.ch\/fr\/wp-json\/wp\/v2\/product\/12978","targetHints":{"allow":["GET"]}}],"collection":[{"href":"https:\/\/i9bottle.ch\/fr\/wp-json\/wp\/v2\/product"}],"about":[{"href":"https:\/\/i9bottle.ch\/fr\/wp-json\/wp\/v2\/types\/product"}],"replies":[{"embeddable":true,"href":"https:\/\/i9bottle.ch\/fr\/wp-json\/wp\/v2\/comments?post=12978"}],"wp:featuredmedia":[{"embeddable":true,"href":"https:\/\/i9bottle.ch\/fr\/wp-json\/wp\/v2\/media\/12957"}],"wp:attachment":[{"href":"https:\/\/i9bottle.ch\/fr\/wp-json\/wp\/v2\/media?parent=12978"}],"wp:term":[{"taxonomy":"product_brand","embeddable":true,"href":"https:\/\/i9bottle.ch\/fr\/wp-json\/wp\/v2\/product_brand?post=12978"},{"taxonomy":"product_cat","embeddable":true,"href":"https:\/\/i9bottle.ch\/fr\/wp-json\/wp\/v2\/product_cat?post=12978"},{"taxonomy":"product_tag","embeddable":true,"href":"https:\/\/i9bottle.ch\/fr\/wp-json\/wp\/v2\/product_tag?post=12978"}],"curies":[{"name":"wp","href":"https:\/\/api.w.org\/{rel}","templated":true}]}}