{"id":5072,"date":"2015-06-24T11:44:56","date_gmt":"2015-06-24T11:44:56","guid":{"rendered":"https:\/\/i9bottle.ch\/fr\/product\/i9-passion\/"},"modified":"2021-01-19T19:46:42","modified_gmt":"2021-01-19T18:46:42","slug":"i9-passion","status":"publish","type":"product","link":"https:\/\/i9bottle.ch\/fr\/produit\/i9-passion\/","title":{"rendered":"i9 Passion"},"content":{"rendered":"<ul>\n<li>Stimule l\u2019\u00e9tat \u00e9nerg\u00e9tique de l\u2019eau<\/li>\n<li>Augmente l\u2019\u00e9nergie du champ vital de l\u2019eau<\/li>\n<li>R\u00e9duit le stress<\/li>\n<li>Active la th\u00e9rapie par les couleurs<\/li>\n<li>Fabriqu\u00e9e en verre de haute qualit\u00e9<\/li>\n<\/ul>\n","protected":false},"excerpt":{"rendered":"<p>Tout ce qui est vital commence par la couleur rouge. C\u2019est la couleur du chakra racine qui est situ\u00e9 \u00e0 la base de la colonne vert\u00e9brale. Le rouge est le lien qui connecte notre corps \u00e0 la terre et concerne l\u2019instinct, le sentiment de s\u00e9curit\u00e9 et nos techniques de survie. Il fournit l\u2019\u00e9nergie terrestre et nous procure de l\u2019\u00e9nergie \u00e0 tous les niveaux.<\/p>\n<p>Volume: 650 ml<br \/>\nHauteur: 26 cm<br \/>\nDiam\u00e8tre (max): 8,5 cm<br \/>\nDiam\u00e8tre mi-hauteur: 6 cm<br \/>\nPoids \u2013 vide: 0,52 kg<br \/>\nPoids \u2013 pleine: 1,17 kg<\/p>\n","protected":false},"featured_media":5082,"comment_status":"closed","ping_status":"closed","template":"","meta":{"_et_pb_use_builder":"","_et_pb_old_content":"","_et_gb_content_width":""},"product_brand":[],"product_cat":[261],"product_tag":[],"class_list":{"0":"post-5072","1":"product","2":"type-product","3":"status-publish","4":"has-post-thumbnail","6":"product_cat-i9-bottle-fr","8":"first","9":"instock","10":"taxable","11":"shipping-taxable","12":"purchasable","13":"product-type-simple"},"_links":{"self":[{"href":"https:\/\/i9bottle.ch\/fr\/wp-json\/wp\/v2\/product\/5072","targetHints":{"allow":["GET"]}}],"collection":[{"href":"https:\/\/i9bottle.ch\/fr\/wp-json\/wp\/v2\/product"}],"about":[{"href":"https:\/\/i9bottle.ch\/fr\/wp-json\/wp\/v2\/types\/product"}],"replies":[{"embeddable":true,"href":"https:\/\/i9bottle.ch\/fr\/wp-json\/wp\/v2\/comments?post=5072"}],"wp:featuredmedia":[{"embeddable":true,"href":"https:\/\/i9bottle.ch\/fr\/wp-json\/wp\/v2\/media\/5082"}],"wp:attachment":[{"href":"https:\/\/i9bottle.ch\/fr\/wp-json\/wp\/v2\/media?parent=5072"}],"wp:term":[{"taxonomy":"product_brand","embeddable":true,"href":"https:\/\/i9bottle.ch\/fr\/wp-json\/wp\/v2\/product_brand?post=5072"},{"taxonomy":"product_cat","embeddable":true,"href":"https:\/\/i9bottle.ch\/fr\/wp-json\/wp\/v2\/product_cat?post=5072"},{"taxonomy":"product_tag","embeddable":true,"href":"https:\/\/i9bottle.ch\/fr\/wp-json\/wp\/v2\/product_tag?post=5072"}],"curies":[{"name":"wp","href":"https:\/\/api.w.org\/{rel}","templated":true}]}}