{"id":5095,"date":"2015-06-24T11:43:27","date_gmt":"2015-06-24T11:43:27","guid":{"rendered":"https:\/\/i9bottle.ch\/fr\/product\/i9-intuition\/"},"modified":"2021-01-19T19:46:14","modified_gmt":"2021-01-19T18:46:14","slug":"i9-intuition","status":"publish","type":"product","link":"https:\/\/i9bottle.ch\/fr\/produit\/i9-intuition\/","title":{"rendered":"i9 Intuition"},"content":{"rendered":"<ul>\n<li>Stimule l\u2019\u00e9tat \u00e9nerg\u00e9tique de l\u2019eau<\/li>\n<li>Augmente l\u2019\u00e9nergie du champ vital de l\u2019eau<\/li>\n<li>R\u00e9duit le stress<\/li>\n<li>Active la th\u00e9rapie par les couleurs<\/li>\n<li>Fabriqu\u00e9e en verre de haute qualit\u00e9<\/li>\n<\/ul>\n","protected":false},"excerpt":{"rendered":"<p>Ajna is symbolized by the colour indigo (purple blue). It is known as the third eye chakra, positioned in the centre of the forehead and linked to the pineal gland. Indigo chakra is said to deal with responsibility, visual consciousness and trusting inner guidance and gives us the experience of being part of the universe.<\/p>\n<p>Volume: 650 ml<br \/>\nHeight: 26 cm<br \/>\nDiameter (max): 8.5 cm<br \/>\nDiameter middle: 6 cmm<br \/>\nWeight \u2013 empty: 0.52 kg<br \/>\nWeight \u2013 full: 1.17 kg<\/p>\n","protected":false},"featured_media":5080,"comment_status":"closed","ping_status":"closed","template":"","meta":{"_et_pb_use_builder":"","_et_pb_old_content":"","_et_gb_content_width":""},"product_brand":[],"product_cat":[261],"product_tag":[],"class_list":{"0":"post-5095","1":"product","2":"type-product","3":"status-publish","4":"has-post-thumbnail","6":"product_cat-i9-bottle-fr","8":"first","9":"instock","10":"taxable","11":"shipping-taxable","12":"purchasable","13":"product-type-simple"},"_links":{"self":[{"href":"https:\/\/i9bottle.ch\/fr\/wp-json\/wp\/v2\/product\/5095","targetHints":{"allow":["GET"]}}],"collection":[{"href":"https:\/\/i9bottle.ch\/fr\/wp-json\/wp\/v2\/product"}],"about":[{"href":"https:\/\/i9bottle.ch\/fr\/wp-json\/wp\/v2\/types\/product"}],"replies":[{"embeddable":true,"href":"https:\/\/i9bottle.ch\/fr\/wp-json\/wp\/v2\/comments?post=5095"}],"wp:featuredmedia":[{"embeddable":true,"href":"https:\/\/i9bottle.ch\/fr\/wp-json\/wp\/v2\/media\/5080"}],"wp:attachment":[{"href":"https:\/\/i9bottle.ch\/fr\/wp-json\/wp\/v2\/media?parent=5095"}],"wp:term":[{"taxonomy":"product_brand","embeddable":true,"href":"https:\/\/i9bottle.ch\/fr\/wp-json\/wp\/v2\/product_brand?post=5095"},{"taxonomy":"product_cat","embeddable":true,"href":"https:\/\/i9bottle.ch\/fr\/wp-json\/wp\/v2\/product_cat?post=5095"},{"taxonomy":"product_tag","embeddable":true,"href":"https:\/\/i9bottle.ch\/fr\/wp-json\/wp\/v2\/product_tag?post=5095"}],"curies":[{"name":"wp","href":"https:\/\/api.w.org\/{rel}","templated":true}]}}