{"id":5096,"date":"2015-06-24T11:41:52","date_gmt":"2015-06-24T11:41:52","guid":{"rendered":"https:\/\/i9bottle.ch\/fr\/product\/i9-chakra\/"},"modified":"2021-01-19T19:44:30","modified_gmt":"2021-01-19T18:44:30","slug":"i9-chakra","status":"publish","type":"product","link":"https:\/\/i9bottle.ch\/fr\/produit\/i9-chakra\/","title":{"rendered":"i9 Chakra"},"content":{"rendered":"<ul>\n<li>Stimule l\u2019\u00e9tat \u00e9nerg\u00e9tique de l\u2019eau<\/li>\n<li>Augmente l\u2019\u00e9nergie du champ vital de l\u2019eau<\/li>\n<li>R\u00e9duit le stress<\/li>\n<li>Active la th\u00e9rapie par les couleurs<\/li>\n<li>Fabriqu\u00e9e en verre de haute qualit\u00e9<\/li>\n<\/ul>\n","protected":false},"excerpt":{"rendered":"<p>According to the principles of Chromo-therapy, the human body is composed of different colours. Lack of any colour potentially gives rise to disease. An individual is said to be healthy as long as the colours of the spectrum are in a harmonious state. Visible body parts have different colours and the same is true of the internal organs. The brain, eyes, lungs, heart, liver, intestines, kidneys, bones and blood all have different colours.<\/p>\n<p>Volume: 650 ml<br \/>\nHeight: 26 cm<br \/>\nDiameter (max): 8.5 cm<br \/>\nDiameter middle: 6 cmm<br \/>\nWeight \u2013 empty: 0.52 kg<br \/>\nWeight \u2013 full: 1.17 kg<\/p>\n","protected":false},"featured_media":5073,"comment_status":"closed","ping_status":"closed","template":"","meta":{"_et_pb_use_builder":"","_et_pb_old_content":"","_et_gb_content_width":""},"product_brand":[],"product_cat":[261],"product_tag":[],"class_list":{"0":"post-5096","1":"product","2":"type-product","3":"status-publish","4":"has-post-thumbnail","6":"product_cat-i9-bottle-fr","8":"first","9":"instock","10":"taxable","11":"shipping-taxable","12":"purchasable","13":"product-type-simple"},"_links":{"self":[{"href":"https:\/\/i9bottle.ch\/fr\/wp-json\/wp\/v2\/product\/5096","targetHints":{"allow":["GET"]}}],"collection":[{"href":"https:\/\/i9bottle.ch\/fr\/wp-json\/wp\/v2\/product"}],"about":[{"href":"https:\/\/i9bottle.ch\/fr\/wp-json\/wp\/v2\/types\/product"}],"replies":[{"embeddable":true,"href":"https:\/\/i9bottle.ch\/fr\/wp-json\/wp\/v2\/comments?post=5096"}],"wp:featuredmedia":[{"embeddable":true,"href":"https:\/\/i9bottle.ch\/fr\/wp-json\/wp\/v2\/media\/5073"}],"wp:attachment":[{"href":"https:\/\/i9bottle.ch\/fr\/wp-json\/wp\/v2\/media?parent=5096"}],"wp:term":[{"taxonomy":"product_brand","embeddable":true,"href":"https:\/\/i9bottle.ch\/fr\/wp-json\/wp\/v2\/product_brand?post=5096"},{"taxonomy":"product_cat","embeddable":true,"href":"https:\/\/i9bottle.ch\/fr\/wp-json\/wp\/v2\/product_cat?post=5096"},{"taxonomy":"product_tag","embeddable":true,"href":"https:\/\/i9bottle.ch\/fr\/wp-json\/wp\/v2\/product_tag?post=5096"}],"curies":[{"name":"wp","href":"https:\/\/api.w.org\/{rel}","templated":true}]}}