{"id":5099,"date":"2015-06-24T11:26:27","date_gmt":"2015-06-24T11:26:27","guid":{"rendered":"https:\/\/i9bottle.ch\/fr\/product\/i9-sunlight\/"},"modified":"2021-01-19T19:48:11","modified_gmt":"2021-01-19T18:48:11","slug":"i9-sunlight","status":"publish","type":"product","link":"https:\/\/i9bottle.ch\/fr\/produit\/i9-sunlight\/","title":{"rendered":"i9 Sunlight"},"content":{"rendered":"<ul>\n<li>Stimule l\u2019\u00e9tat \u00e9nerg\u00e9tique de l\u2019eau<\/li>\n<li>Augmente l\u2019\u00e9nergie du champ vital de l\u2019eau<\/li>\n<li>R\u00e9duit le stress<\/li>\n<li>Active la th\u00e9rapie par les couleurs<\/li>\n<li>Fabriqu\u00e9e en verre de haute qualit\u00e9<\/li>\n<\/ul>\n","protected":false},"excerpt":{"rendered":"<p>Manipura est symbolis\u00e9 par la couleur jaune et est associ\u00e9 aux syst\u00e8mes m\u00e9tabolique et digestif. On pense que Manipura correspond au pancr\u00e9as. Il influence notre sens de l\u2019humour, notre optimisme et pessimisme et joue un r\u00f4le important dans la digestion. Le jaune est connu comme \u00e9tant la couleur du courage, de la cr\u00e9ativit\u00e9 et de la confiance en soi.<\/p>\n<p>Volume: 650 ml<br \/>\nHauteur: 26 cm<br \/>\nDiam\u00e8tre (max): 8.5 cm<br \/>\nDiam\u00e8tre mi-hauteur: 6 cm<br \/>\nPoids \u2013 vide: 0,52 kg<br \/>\nPoids \u2013 pleine: 1,17 kg<\/p>\n","protected":false},"featured_media":5087,"comment_status":"closed","ping_status":"closed","template":"","meta":{"_et_pb_use_builder":"","_et_pb_old_content":"","_et_gb_content_width":""},"product_brand":[],"product_cat":[261],"product_tag":[],"class_list":{"0":"post-5099","1":"product","2":"type-product","3":"status-publish","4":"has-post-thumbnail","6":"product_cat-i9-bottle-fr","8":"first","9":"instock","10":"taxable","11":"shipping-taxable","12":"purchasable","13":"product-type-simple"},"_links":{"self":[{"href":"https:\/\/i9bottle.ch\/fr\/wp-json\/wp\/v2\/product\/5099","targetHints":{"allow":["GET"]}}],"collection":[{"href":"https:\/\/i9bottle.ch\/fr\/wp-json\/wp\/v2\/product"}],"about":[{"href":"https:\/\/i9bottle.ch\/fr\/wp-json\/wp\/v2\/types\/product"}],"replies":[{"embeddable":true,"href":"https:\/\/i9bottle.ch\/fr\/wp-json\/wp\/v2\/comments?post=5099"}],"wp:featuredmedia":[{"embeddable":true,"href":"https:\/\/i9bottle.ch\/fr\/wp-json\/wp\/v2\/media\/5087"}],"wp:attachment":[{"href":"https:\/\/i9bottle.ch\/fr\/wp-json\/wp\/v2\/media?parent=5099"}],"wp:term":[{"taxonomy":"product_brand","embeddable":true,"href":"https:\/\/i9bottle.ch\/fr\/wp-json\/wp\/v2\/product_brand?post=5099"},{"taxonomy":"product_cat","embeddable":true,"href":"https:\/\/i9bottle.ch\/fr\/wp-json\/wp\/v2\/product_cat?post=5099"},{"taxonomy":"product_tag","embeddable":true,"href":"https:\/\/i9bottle.ch\/fr\/wp-json\/wp\/v2\/product_tag?post=5099"}],"curies":[{"name":"wp","href":"https:\/\/api.w.org\/{rel}","templated":true}]}}